{"id":8081,"date":"2021-12-12T17:55:33","date_gmt":"2021-12-12T15:55:33","guid":{"rendered":"https:\/\/lausitzer-sportevents.de\/marathon\/?page_id=8081"},"modified":"2021-12-12T18:14:40","modified_gmt":"2021-12-12T16:14:40","slug":"kontaktformular-schneeglocke","status":"publish","type":"page","link":"https:\/\/lausitzer-sportevents.de\/marathon\/kontaktformular-schneeglocke\/","title":{"rendered":"Kontaktformular Schneegl\u00f6ckchen-Lauf"},"content":{"rendered":"\n<div class=\"wpcf7 no-js\" id=\"wpcf7-f8080-o1\" lang=\"en-US\" dir=\"ltr\" data-wpcf7-id=\"8080\">\n<div class=\"screen-reader-response\"><p role=\"status\" aria-live=\"polite\" aria-atomic=\"true\"><\/p> <ul><\/ul><\/div>\n<form action=\"\/marathon\/wp-json\/wp\/v2\/pages\/8081#wpcf7-f8080-o1\" method=\"post\" class=\"wpcf7-form init\" aria-label=\"Contact form\" enctype=\"multipart\/form-data\" novalidate=\"novalidate\" data-status=\"init\">\n<fieldset class=\"hidden-fields-container\"><input type=\"hidden\" name=\"_wpcf7\" value=\"8080\" \/><input type=\"hidden\" name=\"_wpcf7_version\" value=\"6.1.5\" \/><input type=\"hidden\" name=\"_wpcf7_locale\" value=\"en_US\" \/><input type=\"hidden\" name=\"_wpcf7_unit_tag\" value=\"wpcf7-f8080-o1\" \/><input type=\"hidden\" name=\"_wpcf7_container_post\" value=\"0\" \/><input type=\"hidden\" name=\"_wpcf7_posted_data_hash\" value=\"\" \/><input type=\"hidden\" name=\"_wpcf7_recaptcha_response\" value=\"\" \/>\n<\/fieldset>\n<p><b>Ihr Name<\/b> (Pflichtfeld)\n<\/p>\n<p><span class=\"wpcf7-form-control-wrap\" data-name=\"your-name\"><input size=\"40\" maxlength=\"400\" class=\"wpcf7-form-control wpcf7-text wpcf7-validates-as-required\" aria-required=\"true\" aria-invalid=\"false\" value=\"\" type=\"text\" name=\"your-name\" \/><\/span>\n<\/p>\n<p><b>Ihre E-Mail-Adresse<\/b> (Pflichtfeld)\n<\/p>\n<p><span class=\"wpcf7-form-control-wrap\" data-name=\"your-email\"><input size=\"40\" maxlength=\"400\" class=\"wpcf7-form-control wpcf7-email wpcf7-validates-as-required wpcf7-text wpcf7-validates-as-email\" aria-required=\"true\" aria-invalid=\"false\" value=\"\" type=\"email\" name=\"your-email\" \/><\/span>\n<\/p>\n<p><b>Telefonnummer<\/b> (Pflichtfeld)\n<\/p>\n<p><span class=\"wpcf7-form-control-wrap\" data-name=\"your-telefonnummer\"><input size=\"40\" maxlength=\"400\" class=\"wpcf7-form-control wpcf7-text wpcf7-validates-as-required\" aria-required=\"true\" aria-invalid=\"false\" value=\"\" type=\"text\" name=\"your-telefonnummer\" \/><\/span>\n<\/p>\n<p><b>Wohnort<\/b> (Pflichtfeld)\n<\/p>\n<p><span class=\"wpcf7-form-control-wrap\" data-name=\"your-wohnort\"><input size=\"40\" maxlength=\"400\" class=\"wpcf7-form-control wpcf7-text wpcf7-validates-as-required\" aria-required=\"true\" aria-invalid=\"false\" value=\"\" type=\"text\" name=\"your-wohnort\" \/><\/span>\n<\/p>\n<p><b>Betreff<\/b>\n<\/p>\n<p><span class=\"wpcf7-form-control-wrap\" data-name=\"your-subject\"><input size=\"40\" maxlength=\"400\" class=\"wpcf7-form-control wpcf7-text\" aria-invalid=\"false\" value=\"\" type=\"text\" name=\"your-subject\" \/><\/span>\n<\/p>\n<p><b>Ihre Nachricht<\/b>\n<\/p>\n<p><span class=\"wpcf7-form-control-wrap\" data-name=\"your-message\"><textarea cols=\"40\" rows=\"10\" maxlength=\"2000\" class=\"wpcf7-form-control wpcf7-textarea\" aria-invalid=\"false\" name=\"your-message\"><\/textarea><\/span>\n<\/p>\n<p><b>F\u00fcr Dateianh\u00e4nge<\/b> (nur f\u00fcr Dateitypen:gif, png, jpg, jpeg | Limit:5 MB)\n<\/p>\n<p><span class=\"wpcf7-form-control-wrap\" data-name=\"Anhang\"><input size=\"40\" class=\"wpcf7-form-control wpcf7-file\" id=\"Anlage\" accept=\".gif,.png,.jpg,.jpeg\" aria-invalid=\"false\" type=\"file\" name=\"Anhang\" \/><\/span>\n<\/p>\n<p><b>F\u00fcr Dateianh\u00e4nge<\/b> (nur f\u00fcr Dateitypen:gif, png, jpg, jpeg | Limit:5 MB)\n<\/p>\n<p><span class=\"wpcf7-form-control-wrap\" data-name=\"Anhang2\"><input size=\"40\" class=\"wpcf7-form-control wpcf7-file\" id=\"Anlage2\" accept=\".gif,.png,.jpg,.jpeg\" aria-invalid=\"false\" type=\"file\" name=\"Anhang2\" \/><\/span>\n<\/p>\n<p><b>F\u00fcr Dateianh\u00e4nge<\/b> (f\u00fcr Dateitypen:gif, png, jpg, jpeg, pdf, txt, mp3, mp4 | Limit:10 MB)\n<\/p>\n<p><span class=\"wpcf7-form-control-wrap\" data-name=\"Anhang3\"><input size=\"40\" class=\"wpcf7-form-control wpcf7-file\" id=\"Anlage3\" accept=\".gif,.png,.jpg,.jpeg,.pdf,.txt,.mp3,.mp4\" aria-invalid=\"false\" type=\"file\" name=\"Anhang3\" \/><\/span>\n<\/p>\n<p><b>Sicherheitsabfrage<\/b>\n<\/p>\n<p><span class=\"wpcf7-form-control-wrap\" data-name=\"quiz-787\"><label><span class=\"wpcf7-quiz-label\">Wie hei\u00dft die Hauptstadt der Bundesrepublik Deutschland?<\/span> <input size=\"40\" class=\"wpcf7-form-control wpcf7-quiz\" autocomplete=\"off\" aria-required=\"true\" aria-invalid=\"false\" type=\"text\" name=\"quiz-787\" \/><\/label><input type=\"hidden\" name=\"_wpcf7_quiz_answer_quiz-787\" value=\"ca5359455482b39c7246f49e345bf602\" \/><\/span>\n<\/p>\n\n<p><input class=\"wpcf7-form-control wpcf7-submit has-spinner\" type=\"submit\" value=\"Senden\" \/>\n<\/p><div class=\"wpcf7-response-output\" aria-hidden=\"true\"><\/div>\n<\/form>\n<\/div>\n\n","protected":false},"excerpt":{"rendered":"Ihr Name (Pflichtfeld) Ihre E-Mail-Adresse (Pflichtfeld) Telefonnummer (Pflichtfeld) Wohnort (Pflichtfeld) Betreff Ihre Nachricht F\u00fcr Dateianh\u00e4nge (nur f\u00fcr Dateitypen:gif, png, jpg, jpeg | Limit:5 MB) F\u00fcr Dateianh\u00e4nge (nur f\u00fcr Dateitypen:gif, png, jpg, jpeg | Limit:5 MB) F\u00fcr Dateianh\u00e4nge (f\u00fcr Dateitypen:gif, png, jpg, jpeg, pdf, txt, mp3, mp4 | Limit:10 MB) Sicherheitsabfrage Wie hei\u00dft die Hauptstadt von","protected":false},"author":3,"featured_media":0,"parent":0,"menu_order":0,"comment_status":"closed","ping_status":"closed","template":"page-templates\/full-width.php","meta":{"footnotes":""},"class_list":["post-8081","page","type-page","status-publish","hentry"],"yoast_head":"<!-- This site is optimized with the Yoast SEO plugin v26.9 - https:\/\/yoast.com\/product\/yoast-seo-wordpress\/ -->\n<title>Kontaktformular Schneegl\u00f6ckchen-Lauf - Lausitzer Sportevents<\/title>\n<meta name=\"robots\" content=\"index, follow, max-snippet:-1, max-image-preview:large, max-video-preview:-1\" \/>\n<link rel=\"canonical\" href=\"https:\/\/lausitzer-sportevents.de\/marathon\/kontaktformular-schneeglocke\/\" \/>\n<meta property=\"og:locale\" content=\"de_DE\" \/>\n<meta property=\"og:type\" content=\"article\" \/>\n<meta property=\"og:title\" content=\"Kontaktformular Schneegl\u00f6ckchen-Lauf - Lausitzer Sportevents\" \/>\n<meta property=\"og:url\" content=\"https:\/\/lausitzer-sportevents.de\/marathon\/kontaktformular-schneeglocke\/\" \/>\n<meta property=\"og:site_name\" content=\"Lausitzer Sportevents\" \/>\n<meta property=\"article:publisher\" content=\"https:\/\/www.facebook.com\/LausitzerSportEvents\" \/>\n<meta property=\"article:modified_time\" content=\"2021-12-12T16:14:40+00:00\" \/>\n<meta name=\"twitter:card\" content=\"summary_large_image\" \/>\n<script type=\"application\/ld+json\" class=\"yoast-schema-graph\">{\"@context\":\"https:\/\/schema.org\",\"@graph\":[{\"@type\":\"WebPage\",\"@id\":\"https:\/\/lausitzer-sportevents.de\/marathon\/kontaktformular-schneeglocke\/\",\"url\":\"https:\/\/lausitzer-sportevents.de\/marathon\/kontaktformular-schneeglocke\/\",\"name\":\"Kontaktformular Schneegl\u00f6ckchen-Lauf - Lausitzer Sportevents\",\"isPartOf\":{\"@id\":\"https:\/\/lausitzer-sportevents.de\/marathon\/#website\"},\"datePublished\":\"2021-12-12T15:55:33+00:00\",\"dateModified\":\"2021-12-12T16:14:40+00:00\",\"breadcrumb\":{\"@id\":\"https:\/\/lausitzer-sportevents.de\/marathon\/kontaktformular-schneeglocke\/#breadcrumb\"},\"inLanguage\":\"de\",\"potentialAction\":[{\"@type\":\"ReadAction\",\"target\":[\"https:\/\/lausitzer-sportevents.de\/marathon\/kontaktformular-schneeglocke\/\"]}]},{\"@type\":\"BreadcrumbList\",\"@id\":\"https:\/\/lausitzer-sportevents.de\/marathon\/kontaktformular-schneeglocke\/#breadcrumb\",\"itemListElement\":[{\"@type\":\"ListItem\",\"position\":1,\"name\":\"Startseite\",\"item\":\"https:\/\/lausitzer-sportevents.de\/marathon\/\"},{\"@type\":\"ListItem\",\"position\":2,\"name\":\"Kontaktformular Schneegl\u00f6ckchen-Lauf\"}]},{\"@type\":\"WebSite\",\"@id\":\"https:\/\/lausitzer-sportevents.de\/marathon\/#website\",\"url\":\"https:\/\/lausitzer-sportevents.de\/marathon\/\",\"name\":\"Lausitzer Sportevents\",\"description\":\"Das Internetportal f\u00fcr die sportliche Lausitz\",\"publisher\":{\"@id\":\"https:\/\/lausitzer-sportevents.de\/marathon\/#organization\"},\"potentialAction\":[{\"@type\":\"SearchAction\",\"target\":{\"@type\":\"EntryPoint\",\"urlTemplate\":\"https:\/\/lausitzer-sportevents.de\/marathon\/?s={search_term_string}\"},\"query-input\":{\"@type\":\"PropertyValueSpecification\",\"valueRequired\":true,\"valueName\":\"search_term_string\"}}],\"inLanguage\":\"de\"},{\"@type\":\"Organization\",\"@id\":\"https:\/\/lausitzer-sportevents.de\/marathon\/#organization\",\"name\":\"Lausitzer Sportevents\",\"url\":\"https:\/\/lausitzer-sportevents.de\/marathon\/\",\"logo\":{\"@type\":\"ImageObject\",\"inLanguage\":\"de\",\"@id\":\"https:\/\/lausitzer-sportevents.de\/marathon\/#\/schema\/logo\/image\/\",\"url\":\"https:\/\/lausitzer-sportevents.de\/marathon\/wp-content\/uploads\/banner_lse.jpg\",\"contentUrl\":\"https:\/\/lausitzer-sportevents.de\/marathon\/wp-content\/uploads\/banner_lse.jpg\",\"width\":1240,\"height\":350,\"caption\":\"Lausitzer Sportevents\"},\"image\":{\"@id\":\"https:\/\/lausitzer-sportevents.de\/marathon\/#\/schema\/logo\/image\/\"},\"sameAs\":[\"https:\/\/www.facebook.com\/LausitzerSportEvents\",\"https:\/\/www.instagram.com\/lausitzersportevents\/\"]}]}<\/script>\n<!-- \/ Yoast SEO plugin. -->","yoast_head_json":{"title":"Kontaktformular Schneegl\u00f6ckchen-Lauf - Lausitzer Sportevents","robots":{"index":"index","follow":"follow","max-snippet":"max-snippet:-1","max-image-preview":"max-image-preview:large","max-video-preview":"max-video-preview:-1"},"canonical":"https:\/\/lausitzer-sportevents.de\/marathon\/kontaktformular-schneeglocke\/","og_locale":"de_DE","og_type":"article","og_title":"Kontaktformular Schneegl\u00f6ckchen-Lauf - Lausitzer Sportevents","og_url":"https:\/\/lausitzer-sportevents.de\/marathon\/kontaktformular-schneeglocke\/","og_site_name":"Lausitzer Sportevents","article_publisher":"https:\/\/www.facebook.com\/LausitzerSportEvents","article_modified_time":"2021-12-12T16:14:40+00:00","twitter_card":"summary_large_image","schema":{"@context":"https:\/\/schema.org","@graph":[{"@type":"WebPage","@id":"https:\/\/lausitzer-sportevents.de\/marathon\/kontaktformular-schneeglocke\/","url":"https:\/\/lausitzer-sportevents.de\/marathon\/kontaktformular-schneeglocke\/","name":"Kontaktformular Schneegl\u00f6ckchen-Lauf - Lausitzer Sportevents","isPartOf":{"@id":"https:\/\/lausitzer-sportevents.de\/marathon\/#website"},"datePublished":"2021-12-12T15:55:33+00:00","dateModified":"2021-12-12T16:14:40+00:00","breadcrumb":{"@id":"https:\/\/lausitzer-sportevents.de\/marathon\/kontaktformular-schneeglocke\/#breadcrumb"},"inLanguage":"de","potentialAction":[{"@type":"ReadAction","target":["https:\/\/lausitzer-sportevents.de\/marathon\/kontaktformular-schneeglocke\/"]}]},{"@type":"BreadcrumbList","@id":"https:\/\/lausitzer-sportevents.de\/marathon\/kontaktformular-schneeglocke\/#breadcrumb","itemListElement":[{"@type":"ListItem","position":1,"name":"Startseite","item":"https:\/\/lausitzer-sportevents.de\/marathon\/"},{"@type":"ListItem","position":2,"name":"Kontaktformular Schneegl\u00f6ckchen-Lauf"}]},{"@type":"WebSite","@id":"https:\/\/lausitzer-sportevents.de\/marathon\/#website","url":"https:\/\/lausitzer-sportevents.de\/marathon\/","name":"Lausitzer Sportevents","description":"Das Internetportal f\u00fcr die sportliche Lausitz","publisher":{"@id":"https:\/\/lausitzer-sportevents.de\/marathon\/#organization"},"potentialAction":[{"@type":"SearchAction","target":{"@type":"EntryPoint","urlTemplate":"https:\/\/lausitzer-sportevents.de\/marathon\/?s={search_term_string}"},"query-input":{"@type":"PropertyValueSpecification","valueRequired":true,"valueName":"search_term_string"}}],"inLanguage":"de"},{"@type":"Organization","@id":"https:\/\/lausitzer-sportevents.de\/marathon\/#organization","name":"Lausitzer Sportevents","url":"https:\/\/lausitzer-sportevents.de\/marathon\/","logo":{"@type":"ImageObject","inLanguage":"de","@id":"https:\/\/lausitzer-sportevents.de\/marathon\/#\/schema\/logo\/image\/","url":"https:\/\/lausitzer-sportevents.de\/marathon\/wp-content\/uploads\/banner_lse.jpg","contentUrl":"https:\/\/lausitzer-sportevents.de\/marathon\/wp-content\/uploads\/banner_lse.jpg","width":1240,"height":350,"caption":"Lausitzer Sportevents"},"image":{"@id":"https:\/\/lausitzer-sportevents.de\/marathon\/#\/schema\/logo\/image\/"},"sameAs":["https:\/\/www.facebook.com\/LausitzerSportEvents","https:\/\/www.instagram.com\/lausitzersportevents\/"]}]}},"_links":{"self":[{"href":"https:\/\/lausitzer-sportevents.de\/marathon\/wp-json\/wp\/v2\/pages\/8081","targetHints":{"allow":["GET"]}}],"collection":[{"href":"https:\/\/lausitzer-sportevents.de\/marathon\/wp-json\/wp\/v2\/pages"}],"about":[{"href":"https:\/\/lausitzer-sportevents.de\/marathon\/wp-json\/wp\/v2\/types\/page"}],"author":[{"embeddable":true,"href":"https:\/\/lausitzer-sportevents.de\/marathon\/wp-json\/wp\/v2\/users\/3"}],"replies":[{"embeddable":true,"href":"https:\/\/lausitzer-sportevents.de\/marathon\/wp-json\/wp\/v2\/comments?post=8081"}],"version-history":[{"count":4,"href":"https:\/\/lausitzer-sportevents.de\/marathon\/wp-json\/wp\/v2\/pages\/8081\/revisions"}],"predecessor-version":[{"id":8085,"href":"https:\/\/lausitzer-sportevents.de\/marathon\/wp-json\/wp\/v2\/pages\/8081\/revisions\/8085"}],"wp:attachment":[{"href":"https:\/\/lausitzer-sportevents.de\/marathon\/wp-json\/wp\/v2\/media?parent=8081"}],"curies":[{"name":"wp","href":"https:\/\/api.w.org\/{rel}","templated":true}]}}