{"id":76,"date":"2012-02-28T13:53:15","date_gmt":"2012-02-28T11:53:15","guid":{"rendered":"http:\/\/p157879.mittwaldserver.info\/?page_id=76"},"modified":"2026-03-09T11:28:24","modified_gmt":"2026-03-09T09:28:24","slug":"impressum","status":"publish","type":"page","link":"https:\/\/lausitzer-sportevents.de\/marathon\/impressum\/","title":{"rendered":"Impressum"},"content":{"rendered":"<p><strong>Lausitzer-Sportevents e.V.<\/strong><br \/>\n(Gemeinn\u00fctziger Verein)<\/p>\n<p><em><strong>Lausitz-Timing <\/strong><\/em><br \/>\n(Abteilung im Lausitzer-Sportevents e.V.)<\/p>\n<p>Rosa-Luxemburg-Str. 16a<br \/>\n01945 Hohenbocka<\/p>\n<p>Zur Kontaktaufnahme nutzen Sie bitte unser <span style=\"color: #00ccff;\"><strong><a style=\"color: #00ccff;\" href=\"https:\/\/lausitzer-sportevents.de\/marathon\/kontakt\/\" target=\"_blank\" rel=\"noopener\">Kontaktformular<\/a><\/strong><\/span>.<\/p>\n<p>Registergericht: Amtsgericht Senftenberg<br \/>\nRegisternummer: VR 647<br \/>\nVorstandsvorsitzender: Hans-Joachim Weidner<\/p>\n<h4>Rechtliche Hinweise f\u00fcr Besucher unserer Internetseite<\/h4>\n<p><strong>Inhalt der Internetseite<\/strong><br \/>\nDer Lausitzer-Sportevents e.V. bem\u00fcht sich, auf dieser Internetseite richtige und vollst\u00e4ndige Informationen zur Verf\u00fcgung zu stellen. Er \u00fcbernimmt jedoch keinerlei Gew\u00e4hr f\u00fcr die Aktualit\u00e4t, Richtigkeit und Vollst\u00e4ndigkeit der bereitgestellten Informationen. Haftungsanspr\u00fcche gegen den Lausitzer-Sportevents e.V., die sich auf Sch\u00e4den materieller oder ideeller Art beziehen, welche durch die Nutzung oder Nichtnutzung der dargebotenen Informationen bzw. durch die Nutzung fehlerhafter und unvollst\u00e4ndiger Informationen verursacht wurden, sind grunds\u00e4tzlich ausgeschlossen. Der Lausitzer-Sportevents e.V. beh\u00e4lt es sich ausdr\u00fccklich vor, Teile der Internetseite oder den gesamten Inhalt ohne gesonderte Ank\u00fcndigung zu ver\u00e4ndern, zu erg\u00e4nzen, zu l\u00f6schen oder die Ver\u00f6ffentlichung zeitweise oder endg\u00fcltig einzustellen.<\/p>\n<p><strong>Verweise (&#8222;Links&#8220;)<\/strong><br \/>\nSofern der Lausitzer-Sportevents e.V. direkt oder indirekt auf fremde Internetseiten verweist (&#8222;Links&#8220;), haftet allein der Anbieter dieser Seiten f\u00fcr Inhalte und Sch\u00e4den, die aus der Nutzung oder Nichtnutzung der dargebotenen Informationen entstehen.<\/p>\n<p><strong>Datenschutz<\/strong><br \/>\n<a href=\"https:\/\/lausitzer-sportevents.de\/marathon\/datenschutzerklaerung\/\">Siehe Datenschutzerkl\u00e4rung<\/a><\/p>\n<p><strong>Urheberrecht, Markenrecht, Sonstige Rechte Dritter<\/strong><br \/>\nDer Lausitzer-Sportevents e.V. ist bestrebt, in allen Publikationen geltende Urheberrechte, Markenrechte und sonstige Rechte Dritter zu beachten. Sollte es trotzdem zu einer Rechtsverletzung kommen, wird der Lausitzer-Sportevents e.V.\u00a0diesen Zustand unverz\u00fcglich beseitigen. Alle innerhalb der Internetseite genannten und gegebenenfalls durch Dritte gesch\u00fctzten Marken und Kennzeichen unterliegen uneingeschr\u00e4nkt den Bestimmungen des jeweils g\u00fcltigen Rechts und den Besitzrechten der jeweiligen, eingetragenen Eigent\u00fcmer. Allein aufgrund der blo\u00dfen Nennung ist nicht der Schluss zu ziehen, dass Marken nicht durch Rechte Dritter gesch\u00fctzt sind. Das Urheberrecht f\u00fcr die Inhalte auf der Domain www.lausitzer-sportevents.de steht allein dem Lausitzer-Sportevents e.V. zu. S\u00e4mtliche Bilder, die Logos, Graphiken, Texte und Animationsdateien dieser Internetseite unterliegen dem Urheberrecht und dem Markenrecht bzw. anderen Schutzgesetzen. Eine Vervielf\u00e4ltigung, Ver\u00e4nderung oder Verwendung in anderen elektronischen oder gedruckten Publikationen ist ohne ausdr\u00fcckliche Zustimmung des Lausitzer-Sportevents e.V. nicht gestattet.<\/p>\n<p><strong>Rechtswirksamkeit<\/strong><br \/>\nDiese Hinweise sind als Teil der Internetseite zu betrachten, von der aus auf diese Seite verwiesen wurde. Sofern Teile oder einzelne Formulierungen dieses Textes der geltenden Rechtslage nicht, nicht mehr oder nicht vollst\u00e4ndig entsprechen sollten, bleiben die \u00fcbrigen Teile in ihrem Inhalt und ihrer G\u00fcltigkeit davon unber\u00fchrt.<\/p>\n<p><strong>Fotorechte<br \/>\n<\/strong>Hans-Joachim Weidner<\/p>\n","protected":false},"excerpt":{"rendered":"<p><strong>Lausitzer-Sportevents e.V.<\/strong><br \/> (Gemeinn\u00fctziger Verein)<\/p>\n<p><em><strong>Lausitz-Timing <\/strong><\/em><br \/> (Abteilung im Lausitzer-Sportevents e.V.)<\/p>\n<p>Rosa-Luxemburg-Str. 16a<br \/> 01945 Hohenbocka<\/p>\n<p>Zur Kontaktaufnahme nutzen Sie bitte unser <strong><a style=\"color: #00ccff;\" href=\"https:\/\/lausitzer-sportevents.de\/marathon\/kontakt\/\" target=\"_blank\" rel=\"noopener\">Kontaktformular<\/a><\/strong>.<\/p>\n<p>Registergericht: Amtsgericht Senftenberg<br \/> Registernummer: VR 647<br \/> Vorstandsvorsitzender: Hans-Joachim Weidner<\/p>\n<p> Rechtliche Hinweise f\u00fcr Besucher unserer Internetseite <\/p>\n<p><strong>Inhalt der Internetseite<\/strong><br \/> Der Lausitzer-Sportevents e.V. bem\u00fcht sich,<\/p>\n","protected":false},"author":3,"featured_media":0,"parent":0,"menu_order":0,"comment_status":"closed","ping_status":"closed","template":"page-templates\/full-width.php","meta":{"footnotes":""},"class_list":["post-76","page","type-page","status-publish","hentry"],"yoast_head":"<!-- This site is optimized with the Yoast SEO plugin v26.9 - https:\/\/yoast.com\/product\/yoast-seo-wordpress\/ -->\n<title>Impressum - Lausitzer Sportevents<\/title>\n<meta name=\"robots\" content=\"index, follow, max-snippet:-1, max-image-preview:large, max-video-preview:-1\" \/>\n<link rel=\"canonical\" href=\"https:\/\/lausitzer-sportevents.de\/marathon\/impressum\/\" \/>\n<meta property=\"og:locale\" content=\"de_DE\" \/>\n<meta property=\"og:type\" content=\"article\" \/>\n<meta property=\"og:title\" content=\"Impressum - Lausitzer Sportevents\" \/>\n<meta property=\"og:description\" content=\"Lausitzer-Sportevents e.V. (Gemeinn\u00fctziger Verein) Lausitz-Timing (Abteilung im Lausitzer-Sportevents e.V.) Rosa-Luxemburg-Str. 16a 01945 Hohenbocka Zur Kontaktaufnahme nutzen Sie bitte unser Kontaktformular. Registergericht: Amtsgericht Senftenberg Registernummer: VR 647 Vorstandsvorsitzender: Hans-Joachim Weidner Rechtliche Hinweise f\u00fcr Besucher unserer Internetseite Inhalt der Internetseite Der Lausitzer-Sportevents e.V. bem\u00fcht sich,\" \/>\n<meta property=\"og:url\" content=\"https:\/\/lausitzer-sportevents.de\/marathon\/impressum\/\" \/>\n<meta property=\"og:site_name\" content=\"Lausitzer Sportevents\" \/>\n<meta property=\"article:publisher\" content=\"https:\/\/www.facebook.com\/LausitzerSportEvents\" \/>\n<meta property=\"article:modified_time\" content=\"2026-03-09T09:28:24+00:00\" \/>\n<meta name=\"twitter:card\" content=\"summary_large_image\" \/>\n<meta name=\"twitter:label1\" content=\"Gesch\u00e4tzte Lesezeit\" \/>\n\t<meta name=\"twitter:data1\" content=\"3\u00a0Minuten\" \/>\n<script type=\"application\/ld+json\" class=\"yoast-schema-graph\">{\"@context\":\"https:\/\/schema.org\",\"@graph\":[{\"@type\":\"WebPage\",\"@id\":\"https:\/\/lausitzer-sportevents.de\/marathon\/impressum\/\",\"url\":\"https:\/\/lausitzer-sportevents.de\/marathon\/impressum\/\",\"name\":\"Impressum - Lausitzer Sportevents\",\"isPartOf\":{\"@id\":\"https:\/\/lausitzer-sportevents.de\/marathon\/#website\"},\"datePublished\":\"2012-02-28T11:53:15+00:00\",\"dateModified\":\"2026-03-09T09:28:24+00:00\",\"breadcrumb\":{\"@id\":\"https:\/\/lausitzer-sportevents.de\/marathon\/impressum\/#breadcrumb\"},\"inLanguage\":\"de\",\"potentialAction\":[{\"@type\":\"ReadAction\",\"target\":[\"https:\/\/lausitzer-sportevents.de\/marathon\/impressum\/\"]}]},{\"@type\":\"BreadcrumbList\",\"@id\":\"https:\/\/lausitzer-sportevents.de\/marathon\/impressum\/#breadcrumb\",\"itemListElement\":[{\"@type\":\"ListItem\",\"position\":1,\"name\":\"Startseite\",\"item\":\"https:\/\/lausitzer-sportevents.de\/marathon\/\"},{\"@type\":\"ListItem\",\"position\":2,\"name\":\"Impressum\"}]},{\"@type\":\"WebSite\",\"@id\":\"https:\/\/lausitzer-sportevents.de\/marathon\/#website\",\"url\":\"https:\/\/lausitzer-sportevents.de\/marathon\/\",\"name\":\"Lausitzer Sportevents\",\"description\":\"Das Internetportal f\u00fcr die sportliche Lausitz\",\"publisher\":{\"@id\":\"https:\/\/lausitzer-sportevents.de\/marathon\/#organization\"},\"potentialAction\":[{\"@type\":\"SearchAction\",\"target\":{\"@type\":\"EntryPoint\",\"urlTemplate\":\"https:\/\/lausitzer-sportevents.de\/marathon\/?s={search_term_string}\"},\"query-input\":{\"@type\":\"PropertyValueSpecification\",\"valueRequired\":true,\"valueName\":\"search_term_string\"}}],\"inLanguage\":\"de\"},{\"@type\":\"Organization\",\"@id\":\"https:\/\/lausitzer-sportevents.de\/marathon\/#organization\",\"name\":\"Lausitzer Sportevents\",\"url\":\"https:\/\/lausitzer-sportevents.de\/marathon\/\",\"logo\":{\"@type\":\"ImageObject\",\"inLanguage\":\"de\",\"@id\":\"https:\/\/lausitzer-sportevents.de\/marathon\/#\/schema\/logo\/image\/\",\"url\":\"https:\/\/lausitzer-sportevents.de\/marathon\/wp-content\/uploads\/banner_lse.jpg\",\"contentUrl\":\"https:\/\/lausitzer-sportevents.de\/marathon\/wp-content\/uploads\/banner_lse.jpg\",\"width\":1240,\"height\":350,\"caption\":\"Lausitzer Sportevents\"},\"image\":{\"@id\":\"https:\/\/lausitzer-sportevents.de\/marathon\/#\/schema\/logo\/image\/\"},\"sameAs\":[\"https:\/\/www.facebook.com\/LausitzerSportEvents\",\"https:\/\/www.instagram.com\/lausitzersportevents\/\"]}]}<\/script>\n<!-- \/ Yoast SEO plugin. -->","yoast_head_json":{"title":"Impressum - Lausitzer Sportevents","robots":{"index":"index","follow":"follow","max-snippet":"max-snippet:-1","max-image-preview":"max-image-preview:large","max-video-preview":"max-video-preview:-1"},"canonical":"https:\/\/lausitzer-sportevents.de\/marathon\/impressum\/","og_locale":"de_DE","og_type":"article","og_title":"Impressum - Lausitzer Sportevents","og_description":"Lausitzer-Sportevents e.V. (Gemeinn\u00fctziger Verein) Lausitz-Timing (Abteilung im Lausitzer-Sportevents e.V.) Rosa-Luxemburg-Str. 16a 01945 Hohenbocka Zur Kontaktaufnahme nutzen Sie bitte unser Kontaktformular. Registergericht: Amtsgericht Senftenberg Registernummer: VR 647 Vorstandsvorsitzender: Hans-Joachim Weidner Rechtliche Hinweise f\u00fcr Besucher unserer Internetseite Inhalt der Internetseite Der Lausitzer-Sportevents e.V. bem\u00fcht sich,","og_url":"https:\/\/lausitzer-sportevents.de\/marathon\/impressum\/","og_site_name":"Lausitzer Sportevents","article_publisher":"https:\/\/www.facebook.com\/LausitzerSportEvents","article_modified_time":"2026-03-09T09:28:24+00:00","twitter_card":"summary_large_image","twitter_misc":{"Gesch\u00e4tzte Lesezeit":"3\u00a0Minuten"},"schema":{"@context":"https:\/\/schema.org","@graph":[{"@type":"WebPage","@id":"https:\/\/lausitzer-sportevents.de\/marathon\/impressum\/","url":"https:\/\/lausitzer-sportevents.de\/marathon\/impressum\/","name":"Impressum - Lausitzer Sportevents","isPartOf":{"@id":"https:\/\/lausitzer-sportevents.de\/marathon\/#website"},"datePublished":"2012-02-28T11:53:15+00:00","dateModified":"2026-03-09T09:28:24+00:00","breadcrumb":{"@id":"https:\/\/lausitzer-sportevents.de\/marathon\/impressum\/#breadcrumb"},"inLanguage":"de","potentialAction":[{"@type":"ReadAction","target":["https:\/\/lausitzer-sportevents.de\/marathon\/impressum\/"]}]},{"@type":"BreadcrumbList","@id":"https:\/\/lausitzer-sportevents.de\/marathon\/impressum\/#breadcrumb","itemListElement":[{"@type":"ListItem","position":1,"name":"Startseite","item":"https:\/\/lausitzer-sportevents.de\/marathon\/"},{"@type":"ListItem","position":2,"name":"Impressum"}]},{"@type":"WebSite","@id":"https:\/\/lausitzer-sportevents.de\/marathon\/#website","url":"https:\/\/lausitzer-sportevents.de\/marathon\/","name":"Lausitzer Sportevents","description":"Das Internetportal f\u00fcr die sportliche Lausitz","publisher":{"@id":"https:\/\/lausitzer-sportevents.de\/marathon\/#organization"},"potentialAction":[{"@type":"SearchAction","target":{"@type":"EntryPoint","urlTemplate":"https:\/\/lausitzer-sportevents.de\/marathon\/?s={search_term_string}"},"query-input":{"@type":"PropertyValueSpecification","valueRequired":true,"valueName":"search_term_string"}}],"inLanguage":"de"},{"@type":"Organization","@id":"https:\/\/lausitzer-sportevents.de\/marathon\/#organization","name":"Lausitzer Sportevents","url":"https:\/\/lausitzer-sportevents.de\/marathon\/","logo":{"@type":"ImageObject","inLanguage":"de","@id":"https:\/\/lausitzer-sportevents.de\/marathon\/#\/schema\/logo\/image\/","url":"https:\/\/lausitzer-sportevents.de\/marathon\/wp-content\/uploads\/banner_lse.jpg","contentUrl":"https:\/\/lausitzer-sportevents.de\/marathon\/wp-content\/uploads\/banner_lse.jpg","width":1240,"height":350,"caption":"Lausitzer Sportevents"},"image":{"@id":"https:\/\/lausitzer-sportevents.de\/marathon\/#\/schema\/logo\/image\/"},"sameAs":["https:\/\/www.facebook.com\/LausitzerSportEvents","https:\/\/www.instagram.com\/lausitzersportevents\/"]}]}},"_links":{"self":[{"href":"https:\/\/lausitzer-sportevents.de\/marathon\/wp-json\/wp\/v2\/pages\/76","targetHints":{"allow":["GET"]}}],"collection":[{"href":"https:\/\/lausitzer-sportevents.de\/marathon\/wp-json\/wp\/v2\/pages"}],"about":[{"href":"https:\/\/lausitzer-sportevents.de\/marathon\/wp-json\/wp\/v2\/types\/page"}],"author":[{"embeddable":true,"href":"https:\/\/lausitzer-sportevents.de\/marathon\/wp-json\/wp\/v2\/users\/3"}],"replies":[{"embeddable":true,"href":"https:\/\/lausitzer-sportevents.de\/marathon\/wp-json\/wp\/v2\/comments?post=76"}],"version-history":[{"count":21,"href":"https:\/\/lausitzer-sportevents.de\/marathon\/wp-json\/wp\/v2\/pages\/76\/revisions"}],"predecessor-version":[{"id":14567,"href":"https:\/\/lausitzer-sportevents.de\/marathon\/wp-json\/wp\/v2\/pages\/76\/revisions\/14567"}],"wp:attachment":[{"href":"https:\/\/lausitzer-sportevents.de\/marathon\/wp-json\/wp\/v2\/media?parent=76"}],"curies":[{"name":"wp","href":"https:\/\/api.w.org\/{rel}","templated":true}]}}