{"id":248,"date":"2015-03-24T16:03:29","date_gmt":"2015-03-24T16:03:29","guid":{"rendered":"http:\/\/wordpress.p255087.webspaceconfig.de\/?page_id=248"},"modified":"2024-12-31T11:57:32","modified_gmt":"2024-12-31T09:57:32","slug":"walking-serie-stand","status":"publish","type":"page","link":"https:\/\/lausitzer-sportevents.de\/marathon\/walking-serie-stand\/","title":{"rendered":"Walking Serie Zwischen- &#038; Endstand"},"content":{"rendered":"<p><span style=\"color: #008000;\"><strong>2025<\/strong><\/span><\/p>\n<ul id=\"aufz\u00e4hlung\">\n<li><span style=\"color: #008000;\"><a style=\"color: #008000;\" href=\"https:\/\/lausitzer-sportevents.de\/marathon\/wp-content\/uploads\/WS_2025_w.pdf\" target=\"_blank\" rel=\"noopener noreferrer\">Zwischenwertung Frauen<\/a><\/span><\/li>\n<li><span style=\"color: #008000;\"><a style=\"color: #008000;\" href=\"https:\/\/lausitzer-sportevents.de\/marathon\/wp-content\/uploads\/WS_2025_m.pdf\" target=\"_blank\" rel=\"noopener noreferrer\">Zwischenwertung M\u00e4nner<\/a><\/span><\/li>\n<\/ul>\n<p><span style=\"color: #0000ff;\"><strong>2024<\/strong><\/span><\/p>\n<ul id=\"aufz\u00e4hlung\">\n<li><span style=\"color: #0000ff;\"><a style=\"color: #0000ff;\" href=\"https:\/\/lausitzer-sportevents.de\/marathon\/wp-content\/uploads\/WS_2024_w.pdf\" target=\"_blank\" rel=\"noopener noreferrer\">Endwertung Frauen nach 20 L\u00e4ufen<\/a><\/span><\/li>\n<li><span style=\"color: #0000ff;\"><a style=\"color: #0000ff;\" href=\"https:\/\/lausitzer-sportevents.de\/marathon\/wp-content\/uploads\/WS_2024_m.pdf\" target=\"_blank\" rel=\"noopener noreferrer\">Endwertung M\u00e4nner nach 20 L\u00e4ufen<\/a><\/span><\/li>\n<\/ul>\n<p><span style=\"color: #0000ff;\"><strong>2023<\/strong><\/span><\/p>\n<ul id=\"aufz\u00e4hlung\">\n<li><span style=\"color: #0000ff;\"><a style=\"color: #0000ff;\" href=\"https:\/\/lausitzer-sportevents.de\/marathon\/wp-content\/uploads\/WS_2023_w.pdf\" target=\"_blank\" rel=\"noopener noreferrer\">Endwertung Frauen nach 22 L\u00e4ufen<\/a><\/span><\/li>\n<li><span style=\"color: #0000ff;\"><a style=\"color: #0000ff;\" href=\"https:\/\/lausitzer-sportevents.de\/marathon\/wp-content\/uploads\/WS_2023_m.pdf\" target=\"_blank\" rel=\"noopener noreferrer\">Endwertung M\u00e4nner nach 22 L\u00e4ufen<\/a><\/span><\/li>\n<\/ul>\n<p><span style=\"color: #0000ff;\"><strong>2019<\/strong><\/span><\/p>\n<ul id=\"aufz\u00e4hlung\">\n<li><span style=\"color: #0000ff;\"><a style=\"color: #0000ff;\" href=\"https:\/\/www.lausitzer-sportevents.de\/marathon\/zwischen-endstand\/ws_2019_w.pdf\" target=\"_blank\" rel=\"noopener noreferrer\">Endwertung Frauen nach 25 L\u00e4ufen<\/a><\/span><\/li>\n<li><span style=\"color: #0000ff;\"><a style=\"color: #0000ff;\" href=\"https:\/\/www.lausitzer-sportevents.de\/marathon\/zwischen-endstand\/ws_2019_m.pdf\" target=\"_blank\" rel=\"noopener noreferrer\">Endwertung M\u00e4nner nach 25 L\u00e4ufen<\/a><\/span><\/li>\n<li><span style=\"color: #0000ff;\"><a style=\"color: #0000ff;\" href=\"https:\/\/www.lausitzer-sportevents.de\/marathon\/wp-content\/uploads\/AusschreibungWalking-Serie2019_Seite_1-k.pdf\" target=\"_blank\" rel=\"noopener noreferrer\">Terminplan 2019<\/a><\/span><\/li>\n<li><span style=\"color: #0000ff;\"><a style=\"color: #0000ff;\" href=\"https:\/\/www.lausitzer-sportevents.de\/marathon\/wp-content\/uploads\/AusschreibungWalking-Serie2019_Seite_2-k.pdf\" target=\"_blank\" rel=\"noopener noreferrer\">Regeln 2019<\/a><\/span><\/li>\n<\/ul>\n<p><span style=\"color: #0000ff;\"><strong>2018<\/strong><\/span><\/p>\n<ul id=\"aufz\u00e4hlung\">\n<li><span style=\"color: #0000ff;\"><a style=\"color: #0000ff;\" href=\"https:\/\/www.lausitzer-sportevents.de\/marathon\/zwischen-endstand\/ws_2018_w.pdf\" target=\"_blank\" rel=\"noopener noreferrer\">Endwertung Frauen nach 21 L\u00e4ufen<\/a><\/span><\/li>\n<li><span style=\"color: #0000ff;\"><a style=\"color: #0000ff;\" href=\"https:\/\/www.lausitzer-sportevents.de\/marathon\/zwischen-endstand\/ws_2018_m.pdf\" target=\"_blank\" rel=\"noopener noreferrer\">Endwertung M\u00e4nner nach 21 L\u00e4ufen<\/a><\/span><\/li>\n<li><span style=\"color: #0000ff;\"><a style=\"color: #0000ff;\" href=\"https:\/\/www.lausitzer-sportevents.de\/marathon\/wp-content\/uploads\/Ausschreibung-Walking-Serie-2018-Seite1.pdf\" target=\"_blank\" rel=\"noopener noreferrer\">Terminplan 2018<\/a><\/span><\/li>\n<li><span style=\"color: #0000ff;\"><a style=\"color: #0000ff;\" href=\"https:\/\/www.lausitzer-sportevents.de\/marathon\/wp-content\/uploads\/Ausschreibung-Walking-Serie-2018-Seite2.pdf\" target=\"_blank\" rel=\"noopener noreferrer\">Regeln 2018<\/a><\/span><\/li>\n<\/ul>\n<table width=\"1113\">\n<tbody>\n<tr>\n<td width=\"85\"><\/td>\n<td width=\"76\"><\/td>\n<td colspan=\"5\" width=\"733\"><span style=\"color: #0000ff;\">\u00a0<strong>Walking-Serie 2018\u00a0 Endstand Flei\u00dfwertung<\/strong><\/span><\/td>\n<td width=\"63\"><\/td>\n<td width=\"156\"><\/td>\n<\/tr>\n<tr>\n<td><\/td>\n<td><\/td>\n<td><\/td>\n<td><\/td>\n<td><\/td>\n<td><\/td>\n<td><\/td>\n<td><\/td>\n<td><\/td>\n<\/tr>\n<tr>\n<td width=\"85\">Platz<br \/>\nm\u00e4nnlich<\/td>\n<td width=\"76\">Platz<br \/>\nweiblich<\/td>\n<td>Vorname<\/td>\n<td>Nachname<\/td>\n<td>Verein \/ Ort<\/td>\n<td>Anzahl<\/td>\n<td>Punkte<\/td>\n<td>AK<\/td>\n<td>Land<\/td>\n<\/tr>\n<tr>\n<td><\/td>\n<td>1<\/td>\n<td width=\"140\">Nicole<\/td>\n<td width=\"97\">Blum<\/td>\n<td width=\"364\">Wiesenwalker Neu-Seeland<\/td>\n<td>19<\/td>\n<td>250<\/td>\n<td width=\"63\">W 40<\/td>\n<td width=\"156\">Brandenburg<\/td>\n<\/tr>\n<tr>\n<td><\/td>\n<td>1<\/td>\n<td width=\"140\">Franziska<\/td>\n<td width=\"97\">Blum<\/td>\n<td width=\"364\">Wiesenwalker Neu-Seeland<\/td>\n<td>19<\/td>\n<td>250<\/td>\n<td width=\"63\">W 18<\/td>\n<td width=\"156\">Brandenburg<\/td>\n<\/tr>\n<tr>\n<td><\/td>\n<td>2<\/td>\n<td width=\"140\">Sabine<\/td>\n<td width=\"97\">Rischow<\/td>\n<td width=\"364\">Team ERDINGER Alkoholfrei Blankenfelde<\/td>\n<td>18<\/td>\n<td>247<\/td>\n<td width=\"63\">W 50<\/td>\n<td width=\"156\">Brandenburg<\/td>\n<\/tr>\n<tr>\n<td><\/td>\n<td>3<\/td>\n<td width=\"140\">Ramona<\/td>\n<td width=\"97\">Grogorick<\/td>\n<td width=\"364\">Wiesenwalker Vetschau<\/td>\n<td>17<\/td>\n<td>237<\/td>\n<td width=\"63\">W 50<\/td>\n<td width=\"156\">Brandenburg<\/td>\n<\/tr>\n<tr>\n<td><\/td>\n<td>3<\/td>\n<td width=\"140\">Claudia<\/td>\n<td width=\"97\">Mieth<\/td>\n<td width=\"364\">Elsterheide<\/td>\n<td>17<\/td>\n<td>241<\/td>\n<td width=\"63\">W 40<\/td>\n<td width=\"156\">Sachsen<\/td>\n<\/tr>\n<tr>\n<td><\/td>\n<td>4<\/td>\n<td>Daniela<\/td>\n<td>Mach<\/td>\n<td>Team ERDINGER Alkoholfrei Bad Liebenwerda<\/td>\n<td>16<\/td>\n<td>250<\/td>\n<td width=\"63\">W 30<\/td>\n<td width=\"156\">Brandenburg<\/td>\n<\/tr>\n<tr>\n<td><\/td>\n<td>5<\/td>\n<td width=\"140\">Rosemarie<\/td>\n<td width=\"97\">Blum<\/td>\n<td width=\"364\">Wiesenwalker Neu-Seeland<\/td>\n<td>12<\/td>\n<td>243<\/td>\n<td width=\"63\">W 70<\/td>\n<td width=\"156\">Brandenburg<\/td>\n<\/tr>\n<tr>\n<td><\/td>\n<td>5<\/td>\n<td>Roswitha<\/td>\n<td>Bauer<\/td>\n<td>Kornk\u00e4fer Luckau<\/td>\n<td>12<\/td>\n<td>242<\/td>\n<td width=\"63\">W 60<\/td>\n<td width=\"156\">Brandenburg<\/td>\n<\/tr>\n<tr>\n<td><\/td>\n<td>6<\/td>\n<td width=\"140\">Ulla<\/td>\n<td width=\"97\">Warnecke<\/td>\n<td width=\"364\">Marathon Dinslaken<\/td>\n<td>11<\/td>\n<td>243<\/td>\n<td width=\"63\">W 50<\/td>\n<td width=\"156\">Nordrhein-Westfalen<\/td>\n<\/tr>\n<tr>\n<td><\/td>\n<td>7<\/td>\n<td width=\"140\">Ilona<\/td>\n<td width=\"97\">Bartzsch<\/td>\n<td width=\"364\">Gr\u00fcnewalde<\/td>\n<td>9<\/td>\n<td>221<\/td>\n<td width=\"63\">W 60<\/td>\n<td width=\"156\">Brandenburg<\/td>\n<\/tr>\n<tr>\n<td><\/td>\n<td>7<\/td>\n<td>Angelika<\/td>\n<td>Eildermann<\/td>\n<td>TuG Ottendorf-Okrilla<\/td>\n<td>9<\/td>\n<td>217<\/td>\n<td width=\"63\">W 60<\/td>\n<td width=\"156\">Sachsen<\/td>\n<\/tr>\n<tr>\n<td><\/td>\n<td>7<\/td>\n<td width=\"140\">Isolde<\/td>\n<td width=\"97\">Hofmann<\/td>\n<td width=\"364\">Gr\u00f6ditz<\/td>\n<td>9<\/td>\n<td>214<\/td>\n<td width=\"63\">W 40<\/td>\n<td width=\"156\">Sachsen<\/td>\n<\/tr>\n<tr>\n<td><\/td>\n<td><\/td>\n<td><\/td>\n<td><\/td>\n<td><\/td>\n<td><\/td>\n<td><\/td>\n<td width=\"63\"><\/td>\n<td width=\"156\"><\/td>\n<\/tr>\n<tr>\n<td>1<\/td>\n<td><\/td>\n<td>Joachim<\/td>\n<td>Heublein<\/td>\n<td>OSC L\u00f6bau<\/td>\n<td>21<\/td>\n<td>250<\/td>\n<td>M 70<\/td>\n<td>Sachsen<\/td>\n<\/tr>\n<tr>\n<td>2<\/td>\n<td><\/td>\n<td>Heiko<\/td>\n<td>Blum<\/td>\n<td>Wiesenwalker Neu-Seeland<\/td>\n<td>20<\/td>\n<td>250<\/td>\n<td>M 40<\/td>\n<td>Brandenburg<\/td>\n<\/tr>\n<tr>\n<td>3<\/td>\n<td><\/td>\n<td>Dieter<\/td>\n<td>Gahut<\/td>\n<td>TKV Fl\u00f6ha<\/td>\n<td>19<\/td>\n<td>250<\/td>\n<td>M 60<\/td>\n<td>Sachsen<\/td>\n<\/tr>\n<tr>\n<td>3<\/td>\n<td><\/td>\n<td>Roland<\/td>\n<td>Bartzsch<\/td>\n<td>Gr\u00fcnewalde<\/td>\n<td>19<\/td>\n<td>238<\/td>\n<td>M 50<\/td>\n<td width=\"156\">Brandenburg<\/td>\n<\/tr>\n<tr>\n<td>4<\/td>\n<td><\/td>\n<td width=\"140\">Bodo<\/td>\n<td width=\"97\">Heinze<\/td>\n<td width=\"364\">Eisb\u00e4r Falkenberg\/Elster<\/td>\n<td>17<\/td>\n<td>234<\/td>\n<td>M 50<\/td>\n<td width=\"156\">Brandenburg<\/td>\n<\/tr>\n<tr>\n<td>5<\/td>\n<td><\/td>\n<td>Siegfried<\/td>\n<td>Huschga<\/td>\n<td>Haidem\u00fchler Eichen<\/td>\n<td>15<\/td>\n<td>225<\/td>\n<td>M 60<\/td>\n<td>Brandenburg<\/td>\n<\/tr>\n<tr>\n<td>6<\/td>\n<td><\/td>\n<td>Karl-Heinz<\/td>\n<td>Frommer<\/td>\n<td>Cottbuser Park-Walker<\/td>\n<td>14<\/td>\n<td>248<\/td>\n<td>M 70<\/td>\n<td>Brandenburg<\/td>\n<\/tr>\n<tr>\n<td>6<\/td>\n<td><\/td>\n<td>Heinz<\/td>\n<td>Jeschke<\/td>\n<td>Schwielochsee<\/td>\n<td>14<\/td>\n<td>233<\/td>\n<td>M 70<\/td>\n<td>Brandenburg<\/td>\n<\/tr>\n<tr>\n<td>6<\/td>\n<td><\/td>\n<td>Sven-Torsten<\/td>\n<td>B\u00f6ttcher<\/td>\n<td>Dessau<\/td>\n<td>14<\/td>\n<td>250<\/td>\n<td>M 50<\/td>\n<td>Sachsen-Anhalt<\/td>\n<\/tr>\n<tr>\n<td>7<\/td>\n<td><\/td>\n<td>Frank<\/td>\n<td>Plagens<\/td>\n<td>Team besico Glauchau<\/td>\n<td>13<\/td>\n<td>243<\/td>\n<td>M 50<\/td>\n<td>Sachsen<\/td>\n<\/tr>\n<tr>\n<td>8<\/td>\n<td><\/td>\n<td>Herbert<\/td>\n<td>Rapp<\/td>\n<td>Haidem\u00fchler Eichen<\/td>\n<td>12<\/td>\n<td>224<\/td>\n<td>M 60<\/td>\n<td>Brandenburg<\/td>\n<\/tr>\n<tr>\n<td>9<\/td>\n<td><\/td>\n<td>Manfred<\/td>\n<td>Golombek<\/td>\n<td>LG Berlin-M\u00fcggelheim<\/td>\n<td>11<\/td>\n<td>244<\/td>\n<td>M 50<\/td>\n<td>Berlin<\/td>\n<\/tr>\n<tr>\n<td>9<\/td>\n<td><\/td>\n<td width=\"140\">Thomas<\/td>\n<td width=\"97\">Hoffmann<\/td>\n<td>AS Neukirchen-Vluyn<\/td>\n<td>11<\/td>\n<td>250<\/td>\n<td width=\"63\">M 40<\/td>\n<td width=\"156\">Nordrhein-Westfalen<\/td>\n<\/tr>\n<tr>\n<td>10<\/td>\n<td><\/td>\n<td>Jochen<\/td>\n<td>B\u00fcrger<\/td>\n<td>WSG L\u00f6bau Ost<\/td>\n<td>9<\/td>\n<td>216<\/td>\n<td>M 60<\/td>\n<td>Sachsen<\/td>\n<\/tr>\n<\/tbody>\n<\/table>\n<p><span style=\"color: #0000ff;\"><strong>2017<\/strong><\/span><\/p>\n<ul id=\"aufz\u00e4hlung\">\n<li><span style=\"color: #0000ff;\"><a style=\"color: #0000ff;\" href=\"http:\/\/www.lausitzer-sportevents.de\/marathon\/zwischen-endstand\/ws_2017_w.pdf\" target=\"_blank\" rel=\"noopener noreferrer\">Endwertung Frauen nach 23 L\u00e4ufen<\/a><\/span><\/li>\n<li><span style=\"color: #0000ff;\"><a style=\"color: #0000ff;\" href=\"http:\/\/www.lausitzer-sportevents.de\/marathon\/zwischen-endstand\/ws_2017_m.pdf\" target=\"_blank\" rel=\"noopener noreferrer\">Endwertung M\u00e4nner nach 23 L\u00e4ufen<\/a><\/span><\/li>\n<li><span style=\"color: #0000ff;\"><a style=\"color: #0000ff;\" href=\"http:\/\/www.lausitzer-sportevents.de\/marathon\/wp-content\/uploads\/Ausschreibung-Walking-Serie-2017-Seite1.pdf\" target=\"_blank\" rel=\"noopener noreferrer\">Terminplan 2017<\/a><\/span><\/li>\n<li><span style=\"color: #0000ff;\"><a style=\"color: #0000ff;\" href=\"http:\/\/www.lausitzer-sportevents.de\/marathon\/wp-content\/uploads\/Ausschreibung-Walking-Serie-2017-Seite2.pdf\" target=\"_blank\" rel=\"noopener noreferrer\">Regeln 2017<\/a><\/span><\/li>\n<\/ul>\n<p><span style=\"color: #0000ff;\"><strong>2016<\/strong><\/span><\/p>\n<ul id=\"aufz\u00e4hlung\">\n<li><span style=\"color: #0000ff;\"><a style=\"color: #0000ff;\" href=\"http:\/\/www.lausitzer-sportevents.de\/marathon\/zwischen-endstand\/ws_2016_w.pdf\" target=\"_blank\" rel=\"noopener noreferrer\">Endwertung Frauen nach 23 L\u00e4ufen<\/a><\/span><\/li>\n<li><span style=\"color: #0000ff;\"><a style=\"color: #0000ff;\" href=\"http:\/\/www.lausitzer-sportevents.de\/marathon\/zwischen-endstand\/ws_2016_m.pdf\" target=\"_blank\" rel=\"noopener noreferrer\">Endwertung M\u00e4nner nach 23 L\u00e4ufen<\/a><\/span><\/li>\n<li><span style=\"color: #0000ff;\"><a style=\"color: #0000ff;\" href=\"http:\/\/www.lausitzer-sportevents.de\/marathon\/zwischen-endstand\/ws_2016_s1.pdf\" target=\"_blank\" rel=\"noopener noreferrer\">Terminplan 2016<\/a><\/span><\/li>\n<li><span style=\"color: #0000ff;\"><a style=\"color: #0000ff;\" href=\"http:\/\/www.lausitzer-sportevents.de\/marathon\/zwischen-endstand\/ws_2016_s2.pdf\" target=\"_blank\" rel=\"noopener noreferrer\">Regeln 2016<\/a><\/span><\/li>\n<\/ul>\n<p><span style=\"color: #0000ff;\"><strong>2015<\/strong><\/span><\/p>\n<ul id=\"aufz\u00e4hlung\">\n<li><span style=\"color: #0000ff;\"><a style=\"color: #0000ff;\" href=\"http:\/\/www.lausitzer-sportevents.de\/marathon\/zwischen-endstand\/ws_2015_w.pdf\" target=\"_blank\" rel=\"noopener noreferrer\">Endwertung Frauen nach 22 L\u00e4ufen<\/a><\/span><\/li>\n<li><span style=\"color: #0000ff;\"><a style=\"color: #0000ff;\" href=\"http:\/\/www.lausitzer-sportevents.de\/marathon\/zwischen-endstand\/ws_2015_m.pdf\" target=\"_blank\" rel=\"noopener noreferrer\">Endwertung M\u00e4nner nach 22 L\u00e4ufen<\/a><\/span><\/li>\n<li><span style=\"color: #0000ff;\"><a style=\"color: #0000ff;\" href=\"http:\/\/www.lausitzer-sportevents.de\/marathon\/zwischen-endstand\/ws_2015_s1.pdf\" target=\"_blank\" rel=\"noopener noreferrer\">Terminplan 2015<\/a><\/span><\/li>\n<\/ul>\n<p><span style=\"color: #0000ff;\"><strong>2014<\/strong><\/span><\/p>\n<ul id=\"aufz\u00e4hlung\">\n<li><span style=\"color: #0000ff;\"><a style=\"color: #0000ff;\" href=\"http:\/\/www.lausitzer-sportevents.de\/marathon\/zwischen-endstand\/ws_2014_w.pdf\" target=\"_blank\" rel=\"noopener noreferrer\">Endwertung Frauen nach 23 L\u00e4ufen<\/a><\/span><\/li>\n<li><span style=\"color: #0000ff;\"><a style=\"color: #0000ff;\" href=\"http:\/\/www.lausitzer-sportevents.de\/marathon\/zwischen-endstand\/ws_2014_m.pdf\" target=\"_blank\" rel=\"noopener noreferrer\">Endwertung M\u00e4nner nach 23 L\u00e4ufen<\/a><\/span><\/li>\n<li><span style=\"color: #0000ff;\"><a style=\"color: #0000ff;\" href=\"http:\/\/www.lausitzer-sportevents.de\/marathon\/zwischen-endstand\/ws_2014_s1.pdf\" target=\"_blank\" rel=\"noopener noreferrer\">Terminplan 2014<\/a><\/span><\/li>\n<\/ul>\n<p><span style=\"color: #0000ff;\"><strong>2013<\/strong><\/span><\/p>\n<ul id=\"aufz\u00e4hlung\">\n<li><span style=\"color: #0000ff;\"><a style=\"color: #0000ff;\" href=\"http:\/\/www.lausitzer-sportevents.de\/marathon\/zwischen-endstand\/ws_2013_w.pdf\" target=\"_blank\" rel=\"noopener noreferrer\">Endwertung Frauen nach 20 L\u00e4ufen<\/a><\/span><\/li>\n<li><span style=\"color: #0000ff;\"><a style=\"color: #0000ff;\" href=\"http:\/\/www.lausitzer-sportevents.de\/marathon\/zwischen-endstand\/ws_2013_m.pdf\" target=\"_blank\" rel=\"noopener noreferrer\">Endwertung M\u00e4nner nach 20 L\u00e4ufen<\/a><\/span><\/li>\n<li><span style=\"color: #0000ff;\"><a style=\"color: #0000ff;\" href=\"http:\/\/www.lausitzer-sportevents.de\/marathon\/zwischen-endstand\/ws_2013_s1.pdf\" target=\"_blank\" rel=\"noopener noreferrer\">Terminplan 2013<\/a><\/span><\/li>\n<\/ul>\n<p><span style=\"color: #0000ff;\"><strong>2012<\/strong><\/span><\/p>\n<ul id=\"aufz\u00e4hlung\">\n<li><span style=\"color: #0000ff;\"><a style=\"color: #0000ff;\" href=\"http:\/\/www.lausitzer-sportevents.de\/marathon\/zwischen-endstand\/ws_2012.pdf\" target=\"_blank\" rel=\"noopener noreferrer\">Endwertung nach 20 L\u00e4ufen<\/a><\/span><\/li>\n<li><span style=\"color: #0000ff;\"><a style=\"color: #0000ff;\" href=\"http:\/\/www.lausitzer-sportevents.de\/marathon\/zwischen-endstand\/ws_2012_s1.pdf\" target=\"_blank\" rel=\"noopener noreferrer\">Terminplan 2012<\/a><\/span><\/li>\n<\/ul>\n<p><span style=\"color: #0000ff;\"><strong>2011<\/strong><\/span><\/p>\n<ul id=\"aufz\u00e4hlung\">\n<li><span style=\"color: #0000ff;\"><a style=\"color: #0000ff;\" href=\"http:\/\/www.lausitzer-sportevents.de\/marathon\/zwischen-endstand\/ws_2011.pdf\" target=\"_blank\" rel=\"noopener noreferrer\">Endwertung nach 20 L\u00e4ufen<\/a><\/span><\/li>\n<li><span style=\"color: #0000ff;\"><a style=\"color: #0000ff;\" href=\"http:\/\/www.lausitzer-sportevents.de\/marathon\/zwischen-endstand\/ws_2011_s1.pdf\" target=\"_blank\" rel=\"noopener noreferrer\">Terminplan 2011<\/a><\/span><\/li>\n<\/ul>\n<p><span style=\"color: #0000ff;\"><strong>2010<\/strong><\/span><\/p>\n<ul id=\"aufz\u00e4hlung\">\n<li><span style=\"color: #0000ff;\"><a style=\"color: #0000ff;\" href=\"http:\/\/www.lausitzer-sportevents.de\/marathon\/zwischen-endstand\/ws_2010_w.pdf\" target=\"_blank\" rel=\"noopener noreferrer\">Endwertung Frauen nach 19 L\u00e4ufen<\/a><\/span><\/li>\n<li><span style=\"color: #0000ff;\"><a style=\"color: #0000ff;\" href=\"http:\/\/www.lausitzer-sportevents.de\/marathon\/zwischen-endstand\/ws_2010_m.pdf\" target=\"_blank\" rel=\"noopener noreferrer\">Endwertung M\u00e4nner nach 19 L\u00e4ufen<\/a><\/span><\/li>\n<li><span style=\"color: #0000ff;\"><a style=\"color: #0000ff;\" href=\"http:\/\/www.lausitzer-sportevents.de\/marathon\/zwischen-endstand\/ws_2010_s1.pdf\" target=\"_blank\" rel=\"noopener noreferrer\">Terminplan 2010<\/a><\/span><\/li>\n<\/ul>\n","protected":false},"excerpt":{"rendered":"<p><strong>2025<\/strong><\/p>\n<p> <a style=\"color: #008000;\" href=\"https:\/\/lausitzer-sportevents.de\/marathon\/wp-content\/uploads\/WS_2025_w.pdf\" target=\"_blank\" rel=\"noopener noreferrer\">Zwischenwertung Frauen<\/a> <a style=\"color: #008000;\" href=\"https:\/\/lausitzer-sportevents.de\/marathon\/wp-content\/uploads\/WS_2025_m.pdf\" target=\"_blank\" rel=\"noopener noreferrer\">Zwischenwertung M\u00e4nner<\/a> <\/p>\n<p><strong>2024<\/strong><\/p>\n<p> <a style=\"color: #0000ff;\" href=\"https:\/\/lausitzer-sportevents.de\/marathon\/wp-content\/uploads\/WS_2024_w.pdf\" target=\"_blank\" rel=\"noopener noreferrer\">Endwertung Frauen nach 20 L\u00e4ufen<\/a> <a style=\"color: #0000ff;\" href=\"https:\/\/lausitzer-sportevents.de\/marathon\/wp-content\/uploads\/WS_2024_m.pdf\" target=\"_blank\" rel=\"noopener noreferrer\">Endwertung M\u00e4nner nach 20 L\u00e4ufen<\/a> <\/p>\n<p><strong>2023<\/strong><\/p>\n<p> <a style=\"color: #0000ff;\" href=\"https:\/\/lausitzer-sportevents.de\/marathon\/wp-content\/uploads\/WS_2023_w.pdf\" target=\"_blank\" rel=\"noopener noreferrer\">Endwertung Frauen nach 22 L\u00e4ufen<\/a> <a style=\"color: #0000ff;\"\n<\/p>\n","protected":false},"author":3,"featured_media":0,"parent":0,"menu_order":0,"comment_status":"closed","ping_status":"closed","template":"page-templates\/full-width.php","meta":{"footnotes":""},"class_list":["post-248","page","type-page","status-publish","hentry"],"yoast_head":"<!-- This site is optimized with the Yoast SEO plugin v26.9 - https:\/\/yoast.com\/product\/yoast-seo-wordpress\/ -->\n<title>Walking Serie Zwischen- &amp; Endstand - Lausitzer Sportevents<\/title>\n<meta name=\"robots\" content=\"index, follow, max-snippet:-1, max-image-preview:large, max-video-preview:-1\" \/>\n<link rel=\"canonical\" href=\"https:\/\/lausitzer-sportevents.de\/marathon\/walking-serie-stand\/\" \/>\n<meta property=\"og:locale\" content=\"de_DE\" \/>\n<meta property=\"og:type\" content=\"article\" \/>\n<meta property=\"og:title\" content=\"Walking Serie Zwischen- &amp; Endstand - Lausitzer Sportevents\" \/>\n<meta property=\"og:description\" content=\"2025 Zwischenwertung Frauen Zwischenwertung M\u00e4nner 2024 Endwertung Frauen nach 20 L\u00e4ufen Endwertung M\u00e4nner nach 20 L\u00e4ufen 2023 Endwertung Frauen nach 22 L\u00e4ufen\" \/>\n<meta property=\"og:url\" content=\"https:\/\/lausitzer-sportevents.de\/marathon\/walking-serie-stand\/\" \/>\n<meta property=\"og:site_name\" content=\"Lausitzer Sportevents\" \/>\n<meta property=\"article:publisher\" content=\"https:\/\/www.facebook.com\/LausitzerSportEvents\" \/>\n<meta property=\"article:modified_time\" content=\"2024-12-31T09:57:32+00:00\" \/>\n<meta name=\"twitter:card\" content=\"summary_large_image\" \/>\n<meta name=\"twitter:label1\" content=\"Gesch\u00e4tzte Lesezeit\" \/>\n\t<meta name=\"twitter:data1\" content=\"3\u00a0Minuten\" \/>\n<script type=\"application\/ld+json\" class=\"yoast-schema-graph\">{\"@context\":\"https:\/\/schema.org\",\"@graph\":[{\"@type\":\"WebPage\",\"@id\":\"https:\/\/lausitzer-sportevents.de\/marathon\/walking-serie-stand\/\",\"url\":\"https:\/\/lausitzer-sportevents.de\/marathon\/walking-serie-stand\/\",\"name\":\"Walking Serie Zwischen- & Endstand - Lausitzer Sportevents\",\"isPartOf\":{\"@id\":\"https:\/\/lausitzer-sportevents.de\/marathon\/#website\"},\"datePublished\":\"2015-03-24T16:03:29+00:00\",\"dateModified\":\"2024-12-31T09:57:32+00:00\",\"breadcrumb\":{\"@id\":\"https:\/\/lausitzer-sportevents.de\/marathon\/walking-serie-stand\/#breadcrumb\"},\"inLanguage\":\"de\",\"potentialAction\":[{\"@type\":\"ReadAction\",\"target\":[\"https:\/\/lausitzer-sportevents.de\/marathon\/walking-serie-stand\/\"]}]},{\"@type\":\"BreadcrumbList\",\"@id\":\"https:\/\/lausitzer-sportevents.de\/marathon\/walking-serie-stand\/#breadcrumb\",\"itemListElement\":[{\"@type\":\"ListItem\",\"position\":1,\"name\":\"Startseite\",\"item\":\"https:\/\/lausitzer-sportevents.de\/marathon\/\"},{\"@type\":\"ListItem\",\"position\":2,\"name\":\"Walking Serie Zwischen- &#038; Endstand\"}]},{\"@type\":\"WebSite\",\"@id\":\"https:\/\/lausitzer-sportevents.de\/marathon\/#website\",\"url\":\"https:\/\/lausitzer-sportevents.de\/marathon\/\",\"name\":\"Lausitzer Sportevents\",\"description\":\"Das Internetportal f\u00fcr die sportliche Lausitz\",\"publisher\":{\"@id\":\"https:\/\/lausitzer-sportevents.de\/marathon\/#organization\"},\"potentialAction\":[{\"@type\":\"SearchAction\",\"target\":{\"@type\":\"EntryPoint\",\"urlTemplate\":\"https:\/\/lausitzer-sportevents.de\/marathon\/?s={search_term_string}\"},\"query-input\":{\"@type\":\"PropertyValueSpecification\",\"valueRequired\":true,\"valueName\":\"search_term_string\"}}],\"inLanguage\":\"de\"},{\"@type\":\"Organization\",\"@id\":\"https:\/\/lausitzer-sportevents.de\/marathon\/#organization\",\"name\":\"Lausitzer Sportevents\",\"url\":\"https:\/\/lausitzer-sportevents.de\/marathon\/\",\"logo\":{\"@type\":\"ImageObject\",\"inLanguage\":\"de\",\"@id\":\"https:\/\/lausitzer-sportevents.de\/marathon\/#\/schema\/logo\/image\/\",\"url\":\"https:\/\/lausitzer-sportevents.de\/marathon\/wp-content\/uploads\/banner_lse.jpg\",\"contentUrl\":\"https:\/\/lausitzer-sportevents.de\/marathon\/wp-content\/uploads\/banner_lse.jpg\",\"width\":1240,\"height\":350,\"caption\":\"Lausitzer Sportevents\"},\"image\":{\"@id\":\"https:\/\/lausitzer-sportevents.de\/marathon\/#\/schema\/logo\/image\/\"},\"sameAs\":[\"https:\/\/www.facebook.com\/LausitzerSportEvents\",\"https:\/\/www.instagram.com\/lausitzersportevents\/\"]}]}<\/script>\n<!-- \/ Yoast SEO plugin. -->","yoast_head_json":{"title":"Walking Serie Zwischen- & Endstand - Lausitzer Sportevents","robots":{"index":"index","follow":"follow","max-snippet":"max-snippet:-1","max-image-preview":"max-image-preview:large","max-video-preview":"max-video-preview:-1"},"canonical":"https:\/\/lausitzer-sportevents.de\/marathon\/walking-serie-stand\/","og_locale":"de_DE","og_type":"article","og_title":"Walking Serie Zwischen- & Endstand - Lausitzer Sportevents","og_description":"2025 Zwischenwertung Frauen Zwischenwertung M\u00e4nner 2024 Endwertung Frauen nach 20 L\u00e4ufen Endwertung M\u00e4nner nach 20 L\u00e4ufen 2023 Endwertung Frauen nach 22 L\u00e4ufen","og_url":"https:\/\/lausitzer-sportevents.de\/marathon\/walking-serie-stand\/","og_site_name":"Lausitzer Sportevents","article_publisher":"https:\/\/www.facebook.com\/LausitzerSportEvents","article_modified_time":"2024-12-31T09:57:32+00:00","twitter_card":"summary_large_image","twitter_misc":{"Gesch\u00e4tzte Lesezeit":"3\u00a0Minuten"},"schema":{"@context":"https:\/\/schema.org","@graph":[{"@type":"WebPage","@id":"https:\/\/lausitzer-sportevents.de\/marathon\/walking-serie-stand\/","url":"https:\/\/lausitzer-sportevents.de\/marathon\/walking-serie-stand\/","name":"Walking Serie Zwischen- & Endstand - Lausitzer Sportevents","isPartOf":{"@id":"https:\/\/lausitzer-sportevents.de\/marathon\/#website"},"datePublished":"2015-03-24T16:03:29+00:00","dateModified":"2024-12-31T09:57:32+00:00","breadcrumb":{"@id":"https:\/\/lausitzer-sportevents.de\/marathon\/walking-serie-stand\/#breadcrumb"},"inLanguage":"de","potentialAction":[{"@type":"ReadAction","target":["https:\/\/lausitzer-sportevents.de\/marathon\/walking-serie-stand\/"]}]},{"@type":"BreadcrumbList","@id":"https:\/\/lausitzer-sportevents.de\/marathon\/walking-serie-stand\/#breadcrumb","itemListElement":[{"@type":"ListItem","position":1,"name":"Startseite","item":"https:\/\/lausitzer-sportevents.de\/marathon\/"},{"@type":"ListItem","position":2,"name":"Walking Serie Zwischen- &#038; Endstand"}]},{"@type":"WebSite","@id":"https:\/\/lausitzer-sportevents.de\/marathon\/#website","url":"https:\/\/lausitzer-sportevents.de\/marathon\/","name":"Lausitzer Sportevents","description":"Das Internetportal f\u00fcr die sportliche Lausitz","publisher":{"@id":"https:\/\/lausitzer-sportevents.de\/marathon\/#organization"},"potentialAction":[{"@type":"SearchAction","target":{"@type":"EntryPoint","urlTemplate":"https:\/\/lausitzer-sportevents.de\/marathon\/?s={search_term_string}"},"query-input":{"@type":"PropertyValueSpecification","valueRequired":true,"valueName":"search_term_string"}}],"inLanguage":"de"},{"@type":"Organization","@id":"https:\/\/lausitzer-sportevents.de\/marathon\/#organization","name":"Lausitzer Sportevents","url":"https:\/\/lausitzer-sportevents.de\/marathon\/","logo":{"@type":"ImageObject","inLanguage":"de","@id":"https:\/\/lausitzer-sportevents.de\/marathon\/#\/schema\/logo\/image\/","url":"https:\/\/lausitzer-sportevents.de\/marathon\/wp-content\/uploads\/banner_lse.jpg","contentUrl":"https:\/\/lausitzer-sportevents.de\/marathon\/wp-content\/uploads\/banner_lse.jpg","width":1240,"height":350,"caption":"Lausitzer Sportevents"},"image":{"@id":"https:\/\/lausitzer-sportevents.de\/marathon\/#\/schema\/logo\/image\/"},"sameAs":["https:\/\/www.facebook.com\/LausitzerSportEvents","https:\/\/www.instagram.com\/lausitzersportevents\/"]}]}},"_links":{"self":[{"href":"https:\/\/lausitzer-sportevents.de\/marathon\/wp-json\/wp\/v2\/pages\/248","targetHints":{"allow":["GET"]}}],"collection":[{"href":"https:\/\/lausitzer-sportevents.de\/marathon\/wp-json\/wp\/v2\/pages"}],"about":[{"href":"https:\/\/lausitzer-sportevents.de\/marathon\/wp-json\/wp\/v2\/types\/page"}],"author":[{"embeddable":true,"href":"https:\/\/lausitzer-sportevents.de\/marathon\/wp-json\/wp\/v2\/users\/3"}],"replies":[{"embeddable":true,"href":"https:\/\/lausitzer-sportevents.de\/marathon\/wp-json\/wp\/v2\/comments?post=248"}],"version-history":[{"count":50,"href":"https:\/\/lausitzer-sportevents.de\/marathon\/wp-json\/wp\/v2\/pages\/248\/revisions"}],"predecessor-version":[{"id":13715,"href":"https:\/\/lausitzer-sportevents.de\/marathon\/wp-json\/wp\/v2\/pages\/248\/revisions\/13715"}],"wp:attachment":[{"href":"https:\/\/lausitzer-sportevents.de\/marathon\/wp-json\/wp\/v2\/media?parent=248"}],"curies":[{"name":"wp","href":"https:\/\/api.w.org\/{rel}","templated":true}]}}