{"id":206,"date":"2015-03-24T09:51:44","date_gmt":"2015-03-24T07:51:44","guid":{"rendered":"http:\/\/wordpress.p255087.webspaceconfig.de\/?page_id=206"},"modified":"2024-12-24T10:29:08","modified_gmt":"2024-12-24T08:29:08","slug":"lausitz-laufserie-stand","status":"publish","type":"page","link":"https:\/\/lausitzer-sportevents.de\/marathon\/lausitz-laufserie-stand\/","title":{"rendered":"Lausitz-Laufserie Zwischen- &#038; Endstand"},"content":{"rendered":"<p><strong>2025\u00a0&#8222;24. Lausitz-Laufserie&#8220;<\/strong><\/p>\n<ul id=\"aufz\u00e4hlung\">\n<li><a href=\"https:\/\/lausitzer-sportevents.de\/marathon\/wp-content\/uploads\/lls2025_wertung_m.pdf\" target=\"_blank\" rel=\"noopener noreferrer\">Zwischenstand &#8211; M\u00e4nner<\/a><\/li>\n<li><a href=\"https:\/\/lausitzer-sportevents.de\/marathon\/wp-content\/uploads\/lls2025_wertung_w.pdf\" target=\"_blank\" rel=\"noopener noreferrer\">Zwischenstand &#8211; Frauen<\/a><\/li>\n<\/ul>\n<p><strong>2024 &#8222;23. Lausitz-Laufserie&#8220;<\/strong><\/p>\n<ul id=\"aufz\u00e4hlung\">\n<li><a href=\"https:\/\/lausitzer-sportevents.de\/marathon\/wp-content\/uploads\/lls2024_wertung_m.pdf\" target=\"_blank\" rel=\"noopener noreferrer\">Endstand nach 21 L\u00e4ufen &#8211; M\u00e4nner<\/a><\/li>\n<li><a href=\"https:\/\/lausitzer-sportevents.de\/marathon\/wp-content\/uploads\/lls2024_wertung_w.pdf\" target=\"_blank\" rel=\"noopener noreferrer\">Endstand nach 21 L\u00e4ufen &#8211; Frauen<\/a><\/li>\n<\/ul>\n<p><strong>2023<\/strong><\/p>\n<ul id=\"aufz\u00e4hlung\">\n<li><a href=\"https:\/\/lausitzer-sportevents.de\/marathon\/wp-content\/uploads\/lls2023_wertung_m.pdf\" target=\"_blank\" rel=\"noopener noreferrer\">Endstand nach 20 L\u00e4ufen &#8211; M\u00e4nner<\/a><\/li>\n<li><a href=\"https:\/\/lausitzer-sportevents.de\/marathon\/wp-content\/uploads\/lls2023_wertung_w.pdf\" target=\"_blank\" rel=\"noopener noreferrer\">Endstand nach 20 L\u00e4ufen &#8211; Frauen<\/a><\/li>\n<\/ul>\n<p><strong>2020 | 2021 | 2022 Ausfall durch Corona-Pandemie<\/strong><\/p>\n<ul id=\"aufz\u00e4hlung\">\n<li><a href=\"http:\/\/www.lausitzer-sportevents.de\/marathon\/zwischen-endstand\/lls_2020_m.pdf\" target=\"_blank\" rel=\"noopener noreferrer\">Zwischenstand von 28 L\u00e4ufe &#8211; M\u00e4nner<\/a><\/li>\n<li><a href=\"http:\/\/www.lausitzer-sportevents.de\/marathon\/zwischen-endstand\/lls_2020_w.pdf\" target=\"_blank\" rel=\"noopener noreferrer\">Zwischenstand von 28 L\u00e4ufe &#8211; Frauen<\/a><\/li>\n<li><a href=\"http:\/\/www.lausitzer-sportevents.de\/marathon\/wp-content\/uploads\/lausitz-laufserie-2020-termine.pdf\" target=\"_blank\" rel=\"noopener noreferrer\">Terminplan 2020<\/a><\/li>\n<li><a href=\"http:\/\/www.lausitzer-sportevents.de\/marathon\/wp-content\/uploads\/lausitz-laufserie-2020-regeln.pdf\" target=\"_blank\" rel=\"noopener noreferrer\">Regeln 2020<\/a><\/li>\n<\/ul>\n<p><strong>2019<\/strong><\/p>\n<ul id=\"aufz\u00e4hlung\">\n<li><a href=\"http:\/\/www.lausitzer-sportevents.de\/marathon\/zwischen-endstand\/lls_2019_m.pdf\" target=\"_blank\" rel=\"noopener noreferrer\">Endstand nach 34 L\u00e4ufen &#8211; M\u00e4nner<\/a><\/li>\n<li><a href=\"http:\/\/www.lausitzer-sportevents.de\/marathon\/zwischen-endstand\/lls_2019_w.pdf\" target=\"_blank\" rel=\"noopener noreferrer\">Endstand nach 34 L\u00e4ufen &#8211; Frauen<\/a><\/li>\n<li><a href=\"http:\/\/www.lausitzer-sportevents.de\/marathon\/wp-content\/uploads\/AusschreibungLausitz-Laufserie2019_Seite_2.pdf\" target=\"_blank\" rel=\"noopener noreferrer\">Terminplan 2019<\/a><\/li>\n<li><a href=\"http:\/\/www.lausitzer-sportevents.de\/marathon\/wp-content\/uploads\/AusschreibungLausitz-Laufserie2019_Seite_1-rgb-www.pdf\" target=\"_blank\" rel=\"noopener noreferrer\">Regeln 2019<\/a><\/li>\n<\/ul>\n<p><strong>2018 &#8222;20. Lausitz-Laufserie&#8220;<\/strong><\/p>\n<ul>\n<li><a href=\"http:\/\/www.lausitzer-sportevents.de\/marathon\/zwischen-endstand\/lls_2018_m.pdf\" target=\"_blank\" rel=\"noopener noreferrer\">Endstand nach 31 L\u00e4ufen &#8211; M\u00e4nner<\/a><\/li>\n<li><a href=\"http:\/\/www.lausitzer-sportevents.de\/marathon\/zwischen-endstand\/lls_2018_w.pdf\" target=\"_blank\" rel=\"noopener noreferrer\">Endstand nach 31 L\u00e4ufen &#8211; Frauen<\/a><\/li>\n<li><a href=\"http:\/\/www.lausitzer-sportevents.de\/marathon\/wp-content\/uploads\/Ausschreibung-Lausitz-Laufserie-2018-Seite2.pdf\" target=\"_blank\" rel=\"noopener noreferrer\">Terminplan 2018<\/a><\/li>\n<li><a href=\"http:\/\/www.lausitzer-sportevents.de\/marathon\/wp-content\/uploads\/Ausschreibung-Lausitz-Laufserie-2018-Seite1.pdf\" target=\"_blank\" rel=\"noopener noreferrer\">Regeln 2018<\/a><\/li>\n<\/ul>\n<p><strong>2017<\/strong><\/p>\n<ul id=\"aufz\u00e4hlung\">\n<li><a href=\"http:\/\/www.lausitzer-sportevents.de\/marathon\/zwischen-endstand\/lls_2017_m.pdf\" target=\"_blank\" rel=\"noopener noreferrer\">Endstand nach 31 L\u00e4ufen &#8211; M\u00e4nner<\/a><\/li>\n<li><a href=\"http:\/\/www.lausitzer-sportevents.de\/marathon\/zwischen-endstand\/lls_2017_w.pdf\" target=\"_blank\" rel=\"noopener noreferrer\">Endstand nach 31 L\u00e4ufen &#8211; Frauen<\/a><\/li>\n<li><a href=\"http:\/\/www.lausitzer-sportevents.de\/marathon\/zwischen-endstand\/lls_2017_s1.pdf\" target=\"_blank\" rel=\"noopener noreferrer\">Terminplan 2017<\/a><\/li>\n<li><a href=\"http:\/\/www.lausitzer-sportevents.de\/marathon\/zwischen-endstand\/lls_2017_s2.pdf\" target=\"_blank\" rel=\"noopener noreferrer\">Regeln 2017<\/a><\/li>\n<\/ul>\n<p><strong>2016<\/strong><\/p>\n<ul id=\"aufz\u00e4hlung\">\n<li><a href=\"http:\/\/www.lausitzer-sportevents.de\/marathon\/zwischen-endstand\/lls_2016_m.pdf\" target=\"_blank\" rel=\"noopener noreferrer\">Endstand nach 24 L\u00e4ufen &#8211; M\u00e4nner<\/a><\/li>\n<li><a href=\"http:\/\/www.lausitzer-sportevents.de\/marathon\/zwischen-endstand\/lls_2016_w.pdf\" target=\"_blank\" rel=\"noopener noreferrer\">Endstand nach 24 L\u00e4ufen &#8211; Frauen<\/a><\/li>\n<li><a href=\"http:\/\/www.lausitzer-sportevents.de\/marathon\/zwischen-endstand\/lls_2016_s1.pdf\" target=\"_blank\" rel=\"noopener noreferrer\">Terminplan 2016<\/a><\/li>\n<li><a href=\"http:\/\/www.lausitzer-sportevents.de\/marathon\/zwischen-endstand\/lls_2016_s2.pdf\" target=\"_blank\" rel=\"noopener noreferrer\">Regeln 2016<\/a><\/li>\n<\/ul>\n<p><strong>2015<\/strong><\/p>\n<ul id=\"aufz\u00e4hlung\">\n<li><a href=\"http:\/\/www.lausitzer-sportevents.de\/marathon\/zwischen-endstand\/lls_2015_m.pdf\" target=\"_blank\" rel=\"noopener noreferrer\">Endstand nach 25 L\u00e4ufen &#8211; M\u00e4nner<\/a><\/li>\n<li><a href=\"http:\/\/www.lausitzer-sportevents.de\/marathon\/zwischen-endstand\/lls_2015_w.pdf\" target=\"_blank\" rel=\"noopener noreferrer\">Endstand nach 25 L\u00e4ufen &#8211; Frauen<\/a><\/li>\n<li><a href=\"http:\/\/www.lausitzer-sportevents.de\/marathon\/wp-content\/uploads\/LLS_2015_terminplan.pdf\" target=\"_blank\" rel=\"noopener noreferrer\">Terminplan<\/a><\/li>\n<\/ul>\n<p><strong>2014<\/strong><\/p>\n<ul id=\"aufz\u00e4hlung\">\n<li><a href=\"http:\/\/www.lausitzer-sportevents.de\/marathon\/wp-content\/uploads\/LLS_2014_stand_m.pdf\" target=\"_blank\" rel=\"noopener noreferrer\">Endstand nach 27 L\u00e4ufen &#8211; M\u00e4nner<\/a><\/li>\n<li><a href=\"http:\/\/www.lausitzer-sportevents.de\/marathon\/wp-content\/uploads\/LLS_2014_stand_w.pdf\" target=\"_blank\" rel=\"noopener noreferrer\">Endstand nach 27 L\u00e4ufen &#8211; Frauen<\/a><\/li>\n<li><a href=\"http:\/\/www.lausitzer-sportevents.de\/marathon\/wp-content\/uploads\/LLS_2014_terminplan.pdf\" target=\"_blank\" rel=\"noopener noreferrer\">Terminplan<\/a><\/li>\n<\/ul>\n<p><strong>2013<\/strong><\/p>\n<ul id=\"aufz\u00e4hlung\">\n<li><a href=\"http:\/\/www.lausitzer-sportevents.de\/marathon\/wp-content\/uploads\/LLS_2013_stand_m.pdf\" target=\"_blank\" rel=\"noopener noreferrer\">Endstand nach 24 L\u00e4ufen &#8211; M\u00e4nner<\/a><\/li>\n<li><a href=\"http:\/\/www.lausitzer-sportevents.de\/marathon\/wp-content\/uploads\/LLS_2013_stand_w.pdf\" target=\"_blank\" rel=\"noopener noreferrer\">Endstand nach 24 L\u00e4ufen &#8211; Frauen<\/a><\/li>\n<li><a href=\"http:\/\/www.lausitzer-sportevents.de\/marathon\/wp-content\/uploads\/LLS_2013_terminplan.pdf\" target=\"_blank\" rel=\"noopener noreferrer\">Terminplan<\/a><\/li>\n<\/ul>\n<p><strong>2012<\/strong><\/p>\n<ul id=\"aufz\u00e4hlung\">\n<li><a href=\"http:\/\/www.lausitzer-sportevents.de\/marathon\/wp-content\/uploads\/LLS_2012_stand_m.pdf\" target=\"_blank\" rel=\"noopener noreferrer\">Endstand nach 22 L\u00e4ufen &#8211; M\u00e4nner<\/a><\/li>\n<li><a href=\"http:\/\/www.lausitzer-sportevents.de\/marathon\/wp-content\/uploads\/LLS_2012_stand_w.pdf\" target=\"_blank\" rel=\"noopener noreferrer\">Endstand nach 22 L\u00e4ufen &#8211; Frauen<\/a><\/li>\n<li><a href=\"http:\/\/www.lausitzer-sportevents.de\/marathon\/wp-content\/uploads\/LLS_2012_terminplan.pdf\" target=\"_blank\" rel=\"noopener noreferrer\">Terminplan<\/a><\/li>\n<\/ul>\n<p><strong>2011<\/strong><\/p>\n<ul id=\"aufz\u00e4hlung\">\n<li><a href=\"http:\/\/www.lausitzer-sportevents.de\/marathon\/wp-content\/uploads\/LLS_2011_stand_m.pdf\" target=\"_blank\" rel=\"noopener noreferrer\">Endstand nach 25 L\u00e4ufen &#8211; M\u00e4nner<\/a><\/li>\n<li><a href=\"http:\/\/www.lausitzer-sportevents.de\/marathon\/wp-content\/uploads\/LLS_2011_stand_w.pdf\" target=\"_blank\" rel=\"noopener noreferrer\">Endstand nach 25 L\u00e4ufen &#8211; Frauen<\/a><\/li>\n<li><a href=\"http:\/\/www.lausitzer-sportevents.de\/marathon\/wp-content\/uploads\/LLS_2011_terminplan.pdf\" target=\"_blank\" rel=\"noopener noreferrer\">Terminplan<\/a><\/li>\n<\/ul>\n<p><strong>2010<\/strong><\/p>\n<ul id=\"aufz\u00e4hlung\">\n<li><a href=\"http:\/\/www.lausitzer-sportevents.de\/marathon\/wp-content\/uploads\/LLS_2010_m.pdf\" target=\"_blank\" rel=\"noopener noreferrer\">Endstand nach 21 L\u00e4ufen &#8211; M\u00e4nner<\/a><\/li>\n<li><a href=\"http:\/\/www.lausitzer-sportevents.de\/marathon\/wp-content\/uploads\/LLS_2010_w.pdf\" target=\"_blank\" rel=\"noopener noreferrer\">Endstand nach 21 L\u00e4ufen &#8211; Frauen<\/a><\/li>\n<li><a href=\"http:\/\/www.lausitzer-sportevents.de\/marathon\/wp-content\/uploads\/LLS_2010_terminplan.pdf\" target=\"_blank\" rel=\"noopener noreferrer\">Terminplan<\/a><\/li>\n<\/ul>\n<p><strong>2009<\/strong><\/p>\n<ul id=\"aufz\u00e4hlung\">\n<li><a href=\"http:\/\/www.lausitzer-sportevents.de\/marathon\/wp-content\/uploads\/LLS_2009_gesamt.pdf\" target=\"_blank\" rel=\"noopener noreferrer\">Endstand nach 26 L\u00e4ufen (alle Teilnehmer)<\/a><\/li>\n<li><a href=\"http:\/\/www.lausitzer-sportevents.de\/marathon\/wp-content\/uploads\/LLS_2009_vordereplaetze.pdf\" target=\"_blank\" rel=\"noopener noreferrer\">Endstand nach 26 L\u00e4ufen (vordere Pl\u00e4tze)<\/a><\/li>\n<li><a href=\"http:\/\/www.lausitzer-sportevents.de\/marathon\/wp-content\/uploads\/LLS_2009_terminplan.pdf\" target=\"_blank\" rel=\"noopener noreferrer\">Terminplan<\/a><\/li>\n<\/ul>\n<p><strong>2008<\/strong><\/p>\n<ul id=\"aufz\u00e4hlung\">\n<li><a href=\"http:\/\/www.lausitzer-sportevents.de\/marathon\/wp-content\/uploads\/LLS_2008_gesamt.pdf\" target=\"_blank\" rel=\"noopener noreferrer\">Endstand nach 21 L\u00e4ufen (alle Teilnehmer)<\/a><\/li>\n<li><a href=\"http:\/\/www.lausitzer-sportevents.de\/marathon\/wp-content\/uploads\/LLS_2008_vordereplaetze.pdf\" target=\"_blank\" rel=\"noopener noreferrer\">Endstand nach 21 L\u00e4ufen (vordere Pl\u00e4tze)<\/a><\/li>\n<li><a href=\"http:\/\/www.lausitzer-sportevents.de\/marathon\/wp-content\/uploads\/LLS_2008_terminplan.pdf\" target=\"_blank\" rel=\"noopener noreferrer\">Terminplan<\/a><\/li>\n<\/ul>\n<p><strong>2007<\/strong><\/p>\n<ul id=\"aufz\u00e4hlung\">\n<li><a href=\"http:\/\/www.lausitzer-sportevents.de\/marathon\/wp-content\/uploads\/LLS_2007_gesamt.pdf\" target=\"_blank\" rel=\"noopener noreferrer\">Endstand nach 20 L\u00e4ufen (alle Teilnehmer)<\/a><\/li>\n<li><a href=\"http:\/\/www.lausitzer-sportevents.de\/marathon\/wp-content\/uploads\/LLS_2007_vordereplaetze.pdf\" target=\"_blank\" rel=\"noopener noreferrer\">Endstand nach 20 L\u00e4ufen (vordere Pl\u00e4tze)<\/a><\/li>\n<li><a href=\"http:\/\/www.lausitzer-sportevents.de\/marathon\/wp-content\/uploads\/LLS_2007_terminplan.pdf\" target=\"_blank\" rel=\"noopener noreferrer\">Terminplan<\/a><\/li>\n<\/ul>\n","protected":false},"excerpt":{"rendered":"<p><strong>2025\u00a0&#8222;24. Lausitz-Laufserie&#8220;<\/strong><\/p>\n<p> <a href=\"https:\/\/lausitzer-sportevents.de\/marathon\/wp-content\/uploads\/lls2025_wertung_m.pdf\" target=\"_blank\" rel=\"noopener noreferrer\">Zwischenstand &#8211; M\u00e4nner<\/a> <a href=\"https:\/\/lausitzer-sportevents.de\/marathon\/wp-content\/uploads\/lls2025_wertung_w.pdf\" target=\"_blank\" rel=\"noopener noreferrer\">Zwischenstand &#8211; Frauen<\/a> <\/p>\n<p><strong>2024 &#8222;23. Lausitz-Laufserie&#8220;<\/strong><\/p>\n<p> <a href=\"https:\/\/lausitzer-sportevents.de\/marathon\/wp-content\/uploads\/lls2024_wertung_m.pdf\" target=\"_blank\" rel=\"noopener noreferrer\">Endstand nach 21 L\u00e4ufen &#8211; M\u00e4nner<\/a> <a href=\"https:\/\/lausitzer-sportevents.de\/marathon\/wp-content\/uploads\/lls2024_wertung_w.pdf\" target=\"_blank\" rel=\"noopener noreferrer\">Endstand nach 21 L\u00e4ufen &#8211; Frauen<\/a> <\/p>\n<p><strong>2023<\/strong><\/p>\n<p> <a href=\"https:\/\/lausitzer-sportevents.de\/marathon\/wp-content\/uploads\/lls2023_wertung_m.pdf\" target=\"_blank\" rel=\"noopener noreferrer\">Endstand nach 20 L\u00e4ufen &#8211; M\u00e4nner<\/a> <a href=\"https:\/\/lausitzer-sportevents.de\/marathon\/wp-content\/uploads\/lls2023_wertung_w.pdf\" target=\"_blank\" rel=\"noopener noreferrer\">Endstand<\/a><\/p>\n","protected":false},"author":3,"featured_media":0,"parent":0,"menu_order":0,"comment_status":"closed","ping_status":"closed","template":"page-templates\/full-width.php","meta":{"footnotes":""},"class_list":["post-206","page","type-page","status-publish","hentry"],"yoast_head":"<!-- This site is optimized with the Yoast SEO plugin v26.9 - https:\/\/yoast.com\/product\/yoast-seo-wordpress\/ -->\n<title>Lausitz-Laufserie Zwischen- &amp; Endstand - Lausitzer Sportevents<\/title>\n<meta name=\"robots\" content=\"index, follow, max-snippet:-1, max-image-preview:large, max-video-preview:-1\" \/>\n<link rel=\"canonical\" href=\"https:\/\/lausitzer-sportevents.de\/marathon\/lausitz-laufserie-stand\/\" \/>\n<meta property=\"og:locale\" content=\"de_DE\" \/>\n<meta property=\"og:type\" content=\"article\" \/>\n<meta property=\"og:title\" content=\"Lausitz-Laufserie Zwischen- &amp; Endstand - Lausitzer Sportevents\" \/>\n<meta property=\"og:description\" content=\"2025\u00a0&#8222;24. Lausitz-Laufserie&#8220; Zwischenstand &#8211; M\u00e4nner Zwischenstand &#8211; Frauen 2024 &#8222;23. Lausitz-Laufserie&#8220; Endstand nach 21 L\u00e4ufen &#8211; M\u00e4nner Endstand nach 21 L\u00e4ufen &#8211; Frauen 2023 Endstand nach 20 L\u00e4ufen &#8211; M\u00e4nner Endstand\" \/>\n<meta property=\"og:url\" content=\"https:\/\/lausitzer-sportevents.de\/marathon\/lausitz-laufserie-stand\/\" \/>\n<meta property=\"og:site_name\" content=\"Lausitzer Sportevents\" \/>\n<meta property=\"article:publisher\" content=\"https:\/\/www.facebook.com\/LausitzerSportEvents\" \/>\n<meta property=\"article:modified_time\" content=\"2024-12-24T08:29:08+00:00\" \/>\n<meta name=\"twitter:card\" content=\"summary_large_image\" \/>\n<meta name=\"twitter:label1\" content=\"Gesch\u00e4tzte Lesezeit\" \/>\n\t<meta name=\"twitter:data1\" content=\"2\u00a0Minuten\" \/>\n<script type=\"application\/ld+json\" class=\"yoast-schema-graph\">{\"@context\":\"https:\/\/schema.org\",\"@graph\":[{\"@type\":\"WebPage\",\"@id\":\"https:\/\/lausitzer-sportevents.de\/marathon\/lausitz-laufserie-stand\/\",\"url\":\"https:\/\/lausitzer-sportevents.de\/marathon\/lausitz-laufserie-stand\/\",\"name\":\"Lausitz-Laufserie Zwischen- & Endstand - Lausitzer Sportevents\",\"isPartOf\":{\"@id\":\"https:\/\/lausitzer-sportevents.de\/marathon\/#website\"},\"datePublished\":\"2015-03-24T07:51:44+00:00\",\"dateModified\":\"2024-12-24T08:29:08+00:00\",\"breadcrumb\":{\"@id\":\"https:\/\/lausitzer-sportevents.de\/marathon\/lausitz-laufserie-stand\/#breadcrumb\"},\"inLanguage\":\"de\",\"potentialAction\":[{\"@type\":\"ReadAction\",\"target\":[\"https:\/\/lausitzer-sportevents.de\/marathon\/lausitz-laufserie-stand\/\"]}]},{\"@type\":\"BreadcrumbList\",\"@id\":\"https:\/\/lausitzer-sportevents.de\/marathon\/lausitz-laufserie-stand\/#breadcrumb\",\"itemListElement\":[{\"@type\":\"ListItem\",\"position\":1,\"name\":\"Startseite\",\"item\":\"https:\/\/lausitzer-sportevents.de\/marathon\/\"},{\"@type\":\"ListItem\",\"position\":2,\"name\":\"Lausitz-Laufserie Zwischen- &#038; Endstand\"}]},{\"@type\":\"WebSite\",\"@id\":\"https:\/\/lausitzer-sportevents.de\/marathon\/#website\",\"url\":\"https:\/\/lausitzer-sportevents.de\/marathon\/\",\"name\":\"Lausitzer Sportevents\",\"description\":\"Das Internetportal f\u00fcr die sportliche Lausitz\",\"publisher\":{\"@id\":\"https:\/\/lausitzer-sportevents.de\/marathon\/#organization\"},\"potentialAction\":[{\"@type\":\"SearchAction\",\"target\":{\"@type\":\"EntryPoint\",\"urlTemplate\":\"https:\/\/lausitzer-sportevents.de\/marathon\/?s={search_term_string}\"},\"query-input\":{\"@type\":\"PropertyValueSpecification\",\"valueRequired\":true,\"valueName\":\"search_term_string\"}}],\"inLanguage\":\"de\"},{\"@type\":\"Organization\",\"@id\":\"https:\/\/lausitzer-sportevents.de\/marathon\/#organization\",\"name\":\"Lausitzer Sportevents\",\"url\":\"https:\/\/lausitzer-sportevents.de\/marathon\/\",\"logo\":{\"@type\":\"ImageObject\",\"inLanguage\":\"de\",\"@id\":\"https:\/\/lausitzer-sportevents.de\/marathon\/#\/schema\/logo\/image\/\",\"url\":\"https:\/\/lausitzer-sportevents.de\/marathon\/wp-content\/uploads\/banner_lse.jpg\",\"contentUrl\":\"https:\/\/lausitzer-sportevents.de\/marathon\/wp-content\/uploads\/banner_lse.jpg\",\"width\":1240,\"height\":350,\"caption\":\"Lausitzer Sportevents\"},\"image\":{\"@id\":\"https:\/\/lausitzer-sportevents.de\/marathon\/#\/schema\/logo\/image\/\"},\"sameAs\":[\"https:\/\/www.facebook.com\/LausitzerSportEvents\",\"https:\/\/www.instagram.com\/lausitzersportevents\/\"]}]}<\/script>\n<!-- \/ Yoast SEO plugin. -->","yoast_head_json":{"title":"Lausitz-Laufserie Zwischen- & Endstand - Lausitzer Sportevents","robots":{"index":"index","follow":"follow","max-snippet":"max-snippet:-1","max-image-preview":"max-image-preview:large","max-video-preview":"max-video-preview:-1"},"canonical":"https:\/\/lausitzer-sportevents.de\/marathon\/lausitz-laufserie-stand\/","og_locale":"de_DE","og_type":"article","og_title":"Lausitz-Laufserie Zwischen- & Endstand - Lausitzer Sportevents","og_description":"2025\u00a0&#8222;24. Lausitz-Laufserie&#8220; Zwischenstand &#8211; M\u00e4nner Zwischenstand &#8211; Frauen 2024 &#8222;23. Lausitz-Laufserie&#8220; Endstand nach 21 L\u00e4ufen &#8211; M\u00e4nner Endstand nach 21 L\u00e4ufen &#8211; Frauen 2023 Endstand nach 20 L\u00e4ufen &#8211; M\u00e4nner Endstand","og_url":"https:\/\/lausitzer-sportevents.de\/marathon\/lausitz-laufserie-stand\/","og_site_name":"Lausitzer Sportevents","article_publisher":"https:\/\/www.facebook.com\/LausitzerSportEvents","article_modified_time":"2024-12-24T08:29:08+00:00","twitter_card":"summary_large_image","twitter_misc":{"Gesch\u00e4tzte Lesezeit":"2\u00a0Minuten"},"schema":{"@context":"https:\/\/schema.org","@graph":[{"@type":"WebPage","@id":"https:\/\/lausitzer-sportevents.de\/marathon\/lausitz-laufserie-stand\/","url":"https:\/\/lausitzer-sportevents.de\/marathon\/lausitz-laufserie-stand\/","name":"Lausitz-Laufserie Zwischen- & Endstand - Lausitzer Sportevents","isPartOf":{"@id":"https:\/\/lausitzer-sportevents.de\/marathon\/#website"},"datePublished":"2015-03-24T07:51:44+00:00","dateModified":"2024-12-24T08:29:08+00:00","breadcrumb":{"@id":"https:\/\/lausitzer-sportevents.de\/marathon\/lausitz-laufserie-stand\/#breadcrumb"},"inLanguage":"de","potentialAction":[{"@type":"ReadAction","target":["https:\/\/lausitzer-sportevents.de\/marathon\/lausitz-laufserie-stand\/"]}]},{"@type":"BreadcrumbList","@id":"https:\/\/lausitzer-sportevents.de\/marathon\/lausitz-laufserie-stand\/#breadcrumb","itemListElement":[{"@type":"ListItem","position":1,"name":"Startseite","item":"https:\/\/lausitzer-sportevents.de\/marathon\/"},{"@type":"ListItem","position":2,"name":"Lausitz-Laufserie Zwischen- &#038; Endstand"}]},{"@type":"WebSite","@id":"https:\/\/lausitzer-sportevents.de\/marathon\/#website","url":"https:\/\/lausitzer-sportevents.de\/marathon\/","name":"Lausitzer Sportevents","description":"Das Internetportal f\u00fcr die sportliche Lausitz","publisher":{"@id":"https:\/\/lausitzer-sportevents.de\/marathon\/#organization"},"potentialAction":[{"@type":"SearchAction","target":{"@type":"EntryPoint","urlTemplate":"https:\/\/lausitzer-sportevents.de\/marathon\/?s={search_term_string}"},"query-input":{"@type":"PropertyValueSpecification","valueRequired":true,"valueName":"search_term_string"}}],"inLanguage":"de"},{"@type":"Organization","@id":"https:\/\/lausitzer-sportevents.de\/marathon\/#organization","name":"Lausitzer Sportevents","url":"https:\/\/lausitzer-sportevents.de\/marathon\/","logo":{"@type":"ImageObject","inLanguage":"de","@id":"https:\/\/lausitzer-sportevents.de\/marathon\/#\/schema\/logo\/image\/","url":"https:\/\/lausitzer-sportevents.de\/marathon\/wp-content\/uploads\/banner_lse.jpg","contentUrl":"https:\/\/lausitzer-sportevents.de\/marathon\/wp-content\/uploads\/banner_lse.jpg","width":1240,"height":350,"caption":"Lausitzer Sportevents"},"image":{"@id":"https:\/\/lausitzer-sportevents.de\/marathon\/#\/schema\/logo\/image\/"},"sameAs":["https:\/\/www.facebook.com\/LausitzerSportEvents","https:\/\/www.instagram.com\/lausitzersportevents\/"]}]}},"_links":{"self":[{"href":"https:\/\/lausitzer-sportevents.de\/marathon\/wp-json\/wp\/v2\/pages\/206","targetHints":{"allow":["GET"]}}],"collection":[{"href":"https:\/\/lausitzer-sportevents.de\/marathon\/wp-json\/wp\/v2\/pages"}],"about":[{"href":"https:\/\/lausitzer-sportevents.de\/marathon\/wp-json\/wp\/v2\/types\/page"}],"author":[{"embeddable":true,"href":"https:\/\/lausitzer-sportevents.de\/marathon\/wp-json\/wp\/v2\/users\/3"}],"replies":[{"embeddable":true,"href":"https:\/\/lausitzer-sportevents.de\/marathon\/wp-json\/wp\/v2\/comments?post=206"}],"version-history":[{"count":67,"href":"https:\/\/lausitzer-sportevents.de\/marathon\/wp-json\/wp\/v2\/pages\/206\/revisions"}],"predecessor-version":[{"id":13629,"href":"https:\/\/lausitzer-sportevents.de\/marathon\/wp-json\/wp\/v2\/pages\/206\/revisions\/13629"}],"wp:attachment":[{"href":"https:\/\/lausitzer-sportevents.de\/marathon\/wp-json\/wp\/v2\/media?parent=206"}],"curies":[{"name":"wp","href":"https:\/\/api.w.org\/{rel}","templated":true}]}}